{"id":1724,"date":"2018-01-15T03:16:49","date_gmt":"2018-01-15T03:16:49","guid":{"rendered":"https:\/\/demo.woovina.net\/niche-00\/?page_id=10"},"modified":"2022-11-19T21:32:19","modified_gmt":"2022-11-19T20:32:19","slug":"about","status":"publish","type":"page","link":"https:\/\/edimatt.com\/hu\/about\/","title":{"rendered":"R\u00f3lunk"},"content":{"rendered":"\t\t<div data-elementor-type=\"wp-post\" data-elementor-id=\"1724\" class=\"elementor elementor-1724\">\n\t\t\t\t\t\t<section class=\"elementor-section elementor-top-section elementor-element elementor-element-a5d9c41 elementor-section-boxed elementor-section-height-default elementor-section-height-default\" data-id=\"a5d9c41\" data-element_type=\"section\" data-e-type=\"section\">\n\t\t\t\t\t\t<div class=\"elementor-container elementor-column-gap-default\">\n\t\t\t\t\t<div class=\"elementor-column elementor-col-50 elementor-top-column elementor-element elementor-element-9c61f2e\" data-id=\"9c61f2e\" data-element_type=\"column\" data-e-type=\"column\">\n\t\t\t<div class=\"elementor-widget-wrap elementor-element-populated\">\n\t\t\t\t\t\t<div class=\"elementor-element elementor-element-2e3c5d0 elementor-widget elementor-widget-text-editor\" data-id=\"2e3c5d0\" data-element_type=\"widget\" data-e-type=\"widget\" data-widget_type=\"text-editor.default\">\n\t\t\t\t<div class=\"elementor-widget-container\">\n\t\t\t\t\t\t\t\t\t<p><img decoding=\"async\" class=\"aligncenter wp-image-6388 size-thumbnail\" src=\"https:\/\/edimatt.hu\/wp-content\/uploads\/2021\/02\/cropped-logo-2-150x150.png\" alt=\"\" width=\"150\" height=\"150\" srcset=\"https:\/\/edimatt.com\/wp-content\/uploads\/2021\/02\/cropped-logo-2-150x150.png 150w, https:\/\/edimatt.com\/wp-content\/uploads\/2021\/02\/cropped-logo-2-360x360.png 360w, https:\/\/edimatt.com\/wp-content\/uploads\/2021\/02\/cropped-logo-2-100x100.png 100w\" sizes=\"(max-width: 150px) 100vw, 150px\" \/><\/p>\t\t\t\t\t\t\t\t<\/div>\n\t\t\t\t<\/div>\n\t\t\t\t<div class=\"elementor-element elementor-element-36512c2 elementor-widget elementor-widget-text-editor\" data-id=\"36512c2\" data-element_type=\"widget\" data-e-type=\"widget\" data-widget_type=\"text-editor.default\">\n\t\t\t\t<div class=\"elementor-widget-container\">\n\t\t\t\t\t\t\t\t\t<p>A fa szeretete \u00e9s annak t\u00f6k\u00e9letes megmunk\u00e1l\u00e1sa csal\u00e1dunkban nagy m\u00faltra tekint vissza. Kisgyermekk\u00e9nt Nagyap\u00e1mt\u00f3l \u00e9s \u00c9desap\u00e1mt\u00f3l tanultam az asztalos szakma alapjait. Sok \u00e9vvel k\u00e9s\u0151bb faipari m\u00e9rn\u00f6kk\u00e9nt megalkottuk az EdiMatt m\u00e1rkanevet \u00e9s elkezdt\u00fcnk k\u00e9szs\u00e9gfejleszt\u0151 faj\u00e1t\u00e9kokat fejleszteni \u00e9s gy\u00e1rtani. A munk\u00e1ban a csal\u00e1d minden tagja beseg\u00edt, k\u00f6z\u00f6sen minden k\u00f6nnyebb!<\/p>\n<p>Kisebbik gyermek\u00fcnk mozg\u00e1sfejl\u0151d\u00e9s\u00e9ben \u00f3ri\u00e1si szerepet kap az \u00e1talak\u00edthat\u00f3 h\u00e1romsz\u00f6g. A k\u00fcl\u00f6nb\u00f6z\u0151 kombin\u00e1ci\u00f3knak k\u00f6sz\u00f6nhet\u0151en mindig v\u00e1ltozatos egyedi j\u00e1t\u00e9kteret alak\u00edtunk ki ahol gyermekeink &nbsp;j\u00e1tszva, nevetve mozognak saj\u00e1t temp\u00f3juknak megfelel\u0151en.<\/p>\n<p>Szeretn\u00e9nk, hogy a Dunakanyar nyugodts\u00e1g\u00e1ban k\u00e9sz\u00fcl\u0151 EdiMatt faj\u00e1t\u00e9kok min\u00e9l t\u00f6bb gyermek sz\u00edv\u00e9t dobogtass\u00e1k meg.<\/p>\t\t\t\t\t\t\t\t<\/div>\n\t\t\t\t<\/div>\n\t\t\t\t\t<\/div>\n\t\t<\/div>\n\t\t\t\t<div class=\"elementor-column elementor-col-50 elementor-top-column elementor-element elementor-element-ed3fa1c\" data-id=\"ed3fa1c\" data-element_type=\"column\" data-e-type=\"column\">\n\t\t\t<div class=\"elementor-widget-wrap elementor-element-populated\">\n\t\t\t\t\t\t<div class=\"elementor-element elementor-element-ad3380a elementor-widget elementor-widget-image\" data-id=\"ad3380a\" data-element_type=\"widget\" data-e-type=\"widget\" data-widget_type=\"image.default\">\n\t\t\t\t<div class=\"elementor-widget-container\">\n\t\t\t\t\t\t\t\t\t\t\t\t\t\t\t<img fetchpriority=\"high\" decoding=\"async\" width=\"2121\" height=\"1414\" src=\"https:\/\/edimatt.com\/wp-content\/uploads\/2021\/07\/352A0200.jpg\" class=\"attachment-full size-full wp-image-6702\" alt=\"\" srcset=\"https:\/\/edimatt.com\/wp-content\/uploads\/2021\/07\/352A0200.jpg 2121w, https:\/\/edimatt.com\/wp-content\/uploads\/2021\/07\/352A0200-600x400.jpg 600w, https:\/\/edimatt.com\/wp-content\/uploads\/2021\/07\/352A0200-300x200.jpg 300w, https:\/\/edimatt.com\/wp-content\/uploads\/2021\/07\/352A0200-1024x683.jpg 1024w, https:\/\/edimatt.com\/wp-content\/uploads\/2021\/07\/352A0200-768x512.jpg 768w, https:\/\/edimatt.com\/wp-content\/uploads\/2021\/07\/352A0200-1536x1024.jpg 1536w, https:\/\/edimatt.com\/wp-content\/uploads\/2021\/07\/352A0200-2048x1365.jpg 2048w\" sizes=\"(max-width: 2121px) 100vw, 2121px\" \/>\t\t\t\t\t\t\t\t\t\t\t\t\t\t\t<\/div>\n\t\t\t\t<\/div>\n\t\t\t\t\t<\/div>\n\t\t<\/div>\n\t\t\t\t\t<\/div>\n\t\t<\/section>\n\t\t\t\t<\/div>\n\t\t","protected":false},"excerpt":{"rendered":"<p>A fa szeretete \u00e9s annak t\u00f6k\u00e9letes megmunk\u00e1l\u00e1sa csal\u00e1dunkban nagy m\u00faltra tekint vissza. Kisgyermekk\u00e9nt Nagyap\u00e1mt\u00f3l \u00e9s \u00c9desap\u00e1mt\u00f3l tanultam az asztalos szakma alapjait. Sok \u00e9vvel k\u00e9s\u0151bb faipari m\u00e9rn\u00f6kk\u00e9nt megalkottuk az EdiMatt m\u00e1rkanevet \u00e9s elkezdt\u00fcnk k\u00e9szs\u00e9gfejleszt\u0151 faj\u00e1t\u00e9kokat fejleszteni \u00e9s gy\u00e1rtani. A munk\u00e1ban a csal\u00e1d minden tagja beseg\u00edt, k\u00f6z\u00f6sen minden k\u00f6nnyebb! Kisebbik gyermek\u00fcnk mozg\u00e1sfejl\u0151d\u00e9s\u00e9ben \u00f3ri\u00e1si szerepet kap az \u00e1talak\u00edthat\u00f3 [&hellip;]<\/p>\n","protected":false},"author":1,"featured_media":0,"parent":0,"menu_order":0,"comment_status":"closed","ping_status":"closed","template":"elementor_header_footer","meta":{"footnotes":""},"class_list":["post-1724","page","type-page","status-publish","hentry","entry","wvn-thumbs-layout-horizontal","wvn-btn-normal","wvn-tabs-layout-horizontal","has-no-thumbnails"],"_links":{"self":[{"href":"https:\/\/edimatt.com\/hu\/wp-json\/wp\/v2\/pages\/1724","targetHints":{"allow":["GET"]}}],"collection":[{"href":"https:\/\/edimatt.com\/hu\/wp-json\/wp\/v2\/pages"}],"about":[{"href":"https:\/\/edimatt.com\/hu\/wp-json\/wp\/v2\/types\/page"}],"author":[{"embeddable":true,"href":"https:\/\/edimatt.com\/hu\/wp-json\/wp\/v2\/users\/1"}],"replies":[{"embeddable":true,"href":"https:\/\/edimatt.com\/hu\/wp-json\/wp\/v2\/comments?post=1724"}],"version-history":[{"count":22,"href":"https:\/\/edimatt.com\/hu\/wp-json\/wp\/v2\/pages\/1724\/revisions"}],"predecessor-version":[{"id":8114,"href":"https:\/\/edimatt.com\/hu\/wp-json\/wp\/v2\/pages\/1724\/revisions\/8114"}],"wp:attachment":[{"href":"https:\/\/edimatt.com\/hu\/wp-json\/wp\/v2\/media?parent=1724"}],"curies":[{"name":"wp","href":"https:\/\/api.w.org\/{rel}","templated":true}]}}