{"id":2,"date":"2021-02-15T13:10:14","date_gmt":"2021-02-15T12:10:14","guid":{"rendered":"https:\/\/edimatt.hu\/?page_id=2"},"modified":"2024-01-30T15:06:51","modified_gmt":"2024-01-30T14:06:51","slug":"mopitri-terhelhetoseg","status":"publish","type":"page","link":"https:\/\/edimatt.com\/hu\/mopitri-terhelhetoseg\/","title":{"rendered":"Terhelhet\u0151s\u00e9g"},"content":{"rendered":"\t\t<div data-elementor-type=\"wp-page\" data-elementor-id=\"2\" class=\"elementor elementor-2\">\n\t\t\t\t\t\t<section class=\"elementor-section elementor-top-section elementor-element elementor-element-c121698 elementor-section-boxed elementor-section-height-default elementor-section-height-default\" data-id=\"c121698\" data-element_type=\"section\" data-e-type=\"section\">\n\t\t\t\t\t\t<div class=\"elementor-container elementor-column-gap-default\">\n\t\t\t\t\t<div class=\"elementor-column elementor-col-50 elementor-top-column elementor-element elementor-element-68f734f\" data-id=\"68f734f\" data-element_type=\"column\" data-e-type=\"column\">\n\t\t\t<div class=\"elementor-widget-wrap elementor-element-populated\">\n\t\t\t\t\t\t<div class=\"elementor-element elementor-element-59519c80 elementor-widget elementor-widget-text-editor\" data-id=\"59519c80\" data-element_type=\"widget\" data-e-type=\"widget\" data-widget_type=\"text-editor.default\">\n\t\t\t\t<div class=\"elementor-widget-container\">\n\t\t\t\t\t\t\t\t\t<p>\u00a0<\/p><p>\u00a0<\/p><p style=\"text-align: center;\">Az EdiMatt m\u00e1sz\u00f3k\u00e1k terhelhet\u0151s\u00e9ge 60 kg.<\/p>\t\t\t\t\t\t\t\t<\/div>\n\t\t\t\t<\/div>\n\t\t\t\t\t<\/div>\n\t\t<\/div>\n\t\t\t\t<div class=\"elementor-column elementor-col-50 elementor-top-column elementor-element elementor-element-6454b8a\" data-id=\"6454b8a\" data-element_type=\"column\" data-e-type=\"column\">\n\t\t\t<div class=\"elementor-widget-wrap elementor-element-populated\">\n\t\t\t\t\t\t<div class=\"elementor-element elementor-element-3ee6843 elementor-widget elementor-widget-image\" data-id=\"3ee6843\" data-element_type=\"widget\" data-e-type=\"widget\" data-widget_type=\"image.default\">\n\t\t\t\t<div class=\"elementor-widget-container\">\n\t\t\t\t\t\t\t\t\t\t\t\t\t\t\t<img fetchpriority=\"high\" decoding=\"async\" width=\"1024\" height=\"683\" src=\"https:\/\/edimatt.com\/wp-content\/uploads\/2021\/07\/352A0235-1024x683.jpg\" class=\"attachment-large size-large wp-image-6704\" alt=\"\" srcset=\"https:\/\/edimatt.com\/wp-content\/uploads\/2021\/07\/352A0235-1024x683.jpg 1024w, https:\/\/edimatt.com\/wp-content\/uploads\/2021\/07\/352A0235-600x400.jpg 600w, https:\/\/edimatt.com\/wp-content\/uploads\/2021\/07\/352A0235-300x200.jpg 300w, https:\/\/edimatt.com\/wp-content\/uploads\/2021\/07\/352A0235-768x512.jpg 768w, https:\/\/edimatt.com\/wp-content\/uploads\/2021\/07\/352A0235-1536x1024.jpg 1536w, https:\/\/edimatt.com\/wp-content\/uploads\/2021\/07\/352A0235-2048x1365.jpg 2048w\" sizes=\"(max-width: 1024px) 100vw, 1024px\" \/>\t\t\t\t\t\t\t\t\t\t\t\t\t\t\t<\/div>\n\t\t\t\t<\/div>\n\t\t\t\t\t<\/div>\n\t\t<\/div>\n\t\t\t\t\t<\/div>\n\t\t<\/section>\n\t\t\t\t<section class=\"elementor-section elementor-top-section elementor-element elementor-element-2ab5baaa elementor-section-boxed elementor-section-height-default elementor-section-height-default\" data-id=\"2ab5baaa\" data-element_type=\"section\" data-e-type=\"section\">\n\t\t\t\t\t\t<div class=\"elementor-container elementor-column-gap-default\">\n\t\t\t\t\t<div class=\"elementor-column elementor-col-100 elementor-top-column elementor-element elementor-element-125e0c1e\" data-id=\"125e0c1e\" data-element_type=\"column\" data-e-type=\"column\">\n\t\t\t<div class=\"elementor-widget-wrap\">\n\t\t\t\t\t\t\t<\/div>\n\t\t<\/div>\n\t\t\t\t\t<\/div>\n\t\t<\/section>\n\t\t\t\t<\/div>\n\t\t","protected":false},"excerpt":{"rendered":"<p>\u00a0 \u00a0 Az EdiMatt m\u00e1sz\u00f3k\u00e1k terhelhet\u0151s\u00e9ge 60 kg.<\/p>\n","protected":false},"author":1,"featured_media":0,"parent":0,"menu_order":0,"comment_status":"closed","ping_status":"closed","template":"","meta":{"footnotes":""},"class_list":["post-2","page","type-page","status-publish","hentry","entry","wvn-thumbs-layout-horizontal","wvn-btn-normal","wvn-tabs-layout-horizontal","has-no-thumbnails"],"_links":{"self":[{"href":"https:\/\/edimatt.com\/hu\/wp-json\/wp\/v2\/pages\/2","targetHints":{"allow":["GET"]}}],"collection":[{"href":"https:\/\/edimatt.com\/hu\/wp-json\/wp\/v2\/pages"}],"about":[{"href":"https:\/\/edimatt.com\/hu\/wp-json\/wp\/v2\/types\/page"}],"author":[{"embeddable":true,"href":"https:\/\/edimatt.com\/hu\/wp-json\/wp\/v2\/users\/1"}],"replies":[{"embeddable":true,"href":"https:\/\/edimatt.com\/hu\/wp-json\/wp\/v2\/comments?post=2"}],"version-history":[{"count":11,"href":"https:\/\/edimatt.com\/hu\/wp-json\/wp\/v2\/pages\/2\/revisions"}],"predecessor-version":[{"id":8847,"href":"https:\/\/edimatt.com\/hu\/wp-json\/wp\/v2\/pages\/2\/revisions\/8847"}],"wp:attachment":[{"href":"https:\/\/edimatt.com\/hu\/wp-json\/wp\/v2\/media?parent=2"}],"curies":[{"name":"wp","href":"https:\/\/api.w.org\/{rel}","templated":true}]}}