{"id":6290,"date":"2021-02-27T14:20:18","date_gmt":"2021-02-27T14:20:18","guid":{"rendered":"https:\/\/edimatt.hu\/?page_id=6290"},"modified":"2024-01-30T15:03:02","modified_gmt":"2024-01-30T14:03:02","slug":"gyakori-kerdesek","status":"publish","type":"page","link":"https:\/\/edimatt.com\/hu\/gyakori-kerdesek\/","title":{"rendered":"Gyakori K\u00e9rd\u00e9sek"},"content":{"rendered":"\t\t<div data-elementor-type=\"wp-page\" data-elementor-id=\"6290\" class=\"elementor elementor-6290\">\n\t\t\t\t\t\t<section class=\"elementor-section elementor-top-section elementor-element elementor-element-8e99dad elementor-section-boxed elementor-section-height-default elementor-section-height-default\" data-id=\"8e99dad\" data-element_type=\"section\" data-e-type=\"section\">\n\t\t\t\t\t\t<div class=\"elementor-container elementor-column-gap-default\">\n\t\t\t\t\t<div class=\"elementor-column elementor-col-100 elementor-top-column elementor-element elementor-element-b9703d6\" data-id=\"b9703d6\" data-element_type=\"column\" data-e-type=\"column\">\n\t\t\t<div class=\"elementor-widget-wrap\">\n\t\t\t\t\t\t\t<\/div>\n\t\t<\/div>\n\t\t\t\t\t<\/div>\n\t\t<\/section>\n\t\t\t\t<section class=\"elementor-section elementor-top-section elementor-element elementor-element-f1999db elementor-section-boxed elementor-section-height-default elementor-section-height-default\" data-id=\"f1999db\" data-element_type=\"section\" data-e-type=\"section\">\n\t\t\t\t\t\t<div class=\"elementor-container elementor-column-gap-default\">\n\t\t\t\t\t<div class=\"elementor-column elementor-col-100 elementor-top-column elementor-element elementor-element-d77dc4a\" data-id=\"d77dc4a\" data-element_type=\"column\" data-e-type=\"column\">\n\t\t\t<div class=\"elementor-widget-wrap elementor-element-populated\">\n\t\t\t\t\t\t<div class=\"elementor-element elementor-element-c6f393d elementor-button-info elementor-align-left elementor-widget elementor-widget-button\" data-id=\"c6f393d\" data-element_type=\"widget\" data-e-type=\"widget\" data-widget_type=\"button.default\">\n\t\t\t\t<div class=\"elementor-widget-container\">\n\t\t\t\t\t\t\t\t\t<div class=\"elementor-button-wrapper\">\n\t\t\t\t\t<a class=\"elementor-button elementor-button-link elementor-size-sm\" href=\"https:\/\/edimatt.hu\/?page_id=2\">\n\t\t\t\t\t\t<span class=\"elementor-button-content-wrapper\">\n\t\t\t\t\t\t\t\t\t<span class=\"elementor-button-text\">Mennyi a terhetlhet\u0151s\u00e9ge az EdiMatt m\u00e1sz\u00f3k\u00e1knak?<\/span>\n\t\t\t\t\t<\/span>\n\t\t\t\t\t<\/a>\n\t\t\t\t<\/div>\n\t\t\t\t\t\t\t\t<\/div>\n\t\t\t\t<\/div>\n\t\t\t\t<div class=\"elementor-element elementor-element-411dde2 elementor-button-info elementor-align-left elementor-widget elementor-widget-button\" data-id=\"411dde2\" data-element_type=\"widget\" data-e-type=\"widget\" data-widget_type=\"button.default\">\n\t\t\t\t<div class=\"elementor-widget-container\">\n\t\t\t\t\t\t\t\t\t<div class=\"elementor-button-wrapper\">\n\t\t\t\t\t<a class=\"elementor-button elementor-button-link elementor-size-sm\" href=\"https:\/\/edimatt.hu\/?page_id=6812\">\n\t\t\t\t\t\t<span class=\"elementor-button-content-wrapper\">\n\t\t\t\t\t\t\t\t\t<span class=\"elementor-button-text\">Mekkora a fokok k\u00f6z\u00f6tti t\u00e1vols\u00e1g az EdiMatt m\u00e1sz\u00f3k\u00e1knak?<\/span>\n\t\t\t\t\t<\/span>\n\t\t\t\t\t<\/a>\n\t\t\t\t<\/div>\n\t\t\t\t\t\t\t\t<\/div>\n\t\t\t\t<\/div>\n\t\t\t\t\t<\/div>\n\t\t<\/div>\n\t\t\t\t\t<\/div>\n\t\t<\/section>\n\t\t\t\t<section class=\"elementor-section elementor-top-section elementor-element elementor-element-365804c elementor-section-boxed elementor-section-height-default elementor-section-height-default\" data-id=\"365804c\" data-element_type=\"section\" data-e-type=\"section\">\n\t\t\t\t\t\t<div class=\"elementor-container elementor-column-gap-default\">\n\t\t\t\t\t<div class=\"elementor-column elementor-col-100 elementor-top-column elementor-element elementor-element-76c722e\" data-id=\"76c722e\" data-element_type=\"column\" data-e-type=\"column\">\n\t\t\t<div class=\"elementor-widget-wrap elementor-element-populated\">\n\t\t\t\t\t\t<div class=\"elementor-element elementor-element-a671b25 elementor-button-info elementor-widget elementor-widget-button\" data-id=\"a671b25\" data-element_type=\"widget\" data-e-type=\"widget\" data-widget_type=\"button.default\">\n\t\t\t\t<div class=\"elementor-widget-container\">\n\t\t\t\t\t\t\t\t\t<div class=\"elementor-button-wrapper\">\n\t\t\t\t\t<a class=\"elementor-button elementor-button-link elementor-size-sm\" href=\"https:\/\/edimatt.hu\/?page_id=6813\">\n\t\t\t\t\t\t<span class=\"elementor-button-content-wrapper\">\n\t\t\t\t\t\t\t\t\t<span class=\"elementor-button-text\">Hogyan lehet r\u00f6gz\u00edteni a R\u00e1mpa - Cs\u00faszd\u00e1t az EdiMatt m\u00e1sz\u00f3k\u00e1hoz \u00e9s a Ringat\u00f3 sziv\u00e1rv\u00e1ny hint\u00e1hoz?<\/span>\n\t\t\t\t\t<\/span>\n\t\t\t\t\t<\/a>\n\t\t\t\t<\/div>\n\t\t\t\t\t\t\t\t<\/div>\n\t\t\t\t<\/div>\n\t\t\t\t\t<\/div>\n\t\t<\/div>\n\t\t\t\t\t<\/div>\n\t\t<\/section>\n\t\t\t\t<\/div>\n\t\t","protected":false},"excerpt":{"rendered":"<p>Mennyi a terhetlhet\u0151s\u00e9ge az EdiMatt m\u00e1sz\u00f3k\u00e1knak? Mekkora a fokok k\u00f6z\u00f6tti t\u00e1vols\u00e1g az EdiMatt m\u00e1sz\u00f3k\u00e1knak? Hogyan lehet r\u00f6gz\u00edteni a R\u00e1mpa &#8211; Cs\u00faszd\u00e1t az EdiMatt m\u00e1sz\u00f3k\u00e1hoz \u00e9s a Ringat\u00f3 sziv\u00e1rv\u00e1ny hint\u00e1hoz?<\/p>\n","protected":false},"author":1,"featured_media":0,"parent":0,"menu_order":0,"comment_status":"closed","ping_status":"closed","template":"","meta":{"footnotes":""},"class_list":["post-6290","page","type-page","status-publish","hentry","entry","wvn-thumbs-layout-horizontal","wvn-btn-normal","wvn-tabs-layout-horizontal","has-no-thumbnails"],"_links":{"self":[{"href":"https:\/\/edimatt.com\/hu\/wp-json\/wp\/v2\/pages\/6290","targetHints":{"allow":["GET"]}}],"collection":[{"href":"https:\/\/edimatt.com\/hu\/wp-json\/wp\/v2\/pages"}],"about":[{"href":"https:\/\/edimatt.com\/hu\/wp-json\/wp\/v2\/types\/page"}],"author":[{"embeddable":true,"href":"https:\/\/edimatt.com\/hu\/wp-json\/wp\/v2\/users\/1"}],"replies":[{"embeddable":true,"href":"https:\/\/edimatt.com\/hu\/wp-json\/wp\/v2\/comments?post=6290"}],"version-history":[{"count":34,"href":"https:\/\/edimatt.com\/hu\/wp-json\/wp\/v2\/pages\/6290\/revisions"}],"predecessor-version":[{"id":8840,"href":"https:\/\/edimatt.com\/hu\/wp-json\/wp\/v2\/pages\/6290\/revisions\/8840"}],"wp:attachment":[{"href":"https:\/\/edimatt.com\/hu\/wp-json\/wp\/v2\/media?parent=6290"}],"curies":[{"name":"wp","href":"https:\/\/api.w.org\/{rel}","templated":true}]}}