{"id":6812,"date":"2021-07-11T13:17:28","date_gmt":"2021-07-11T12:17:28","guid":{"rendered":"https:\/\/edimatt.hu\/?page_id=6812"},"modified":"2024-01-30T15:08:55","modified_gmt":"2024-01-30T14:08:55","slug":"fokok-tavolsaga","status":"publish","type":"page","link":"https:\/\/edimatt.com\/hu\/fokok-tavolsaga\/","title":{"rendered":"Fokok t\u00e1vols\u00e1ga"},"content":{"rendered":"\t\t<div data-elementor-type=\"wp-page\" data-elementor-id=\"6812\" class=\"elementor elementor-6812\">\n\t\t\t\t\t\t<section class=\"elementor-section elementor-top-section elementor-element elementor-element-53297385 elementor-section-boxed elementor-section-height-default elementor-section-height-default\" data-id=\"53297385\" data-element_type=\"section\" data-e-type=\"section\">\n\t\t\t\t\t\t<div class=\"elementor-container elementor-column-gap-default\">\n\t\t\t\t\t<div class=\"elementor-column elementor-col-100 elementor-top-column elementor-element elementor-element-32ecba73\" data-id=\"32ecba73\" data-element_type=\"column\" data-e-type=\"column\">\n\t\t\t<div class=\"elementor-widget-wrap elementor-element-populated\">\n\t\t\t\t\t\t<div class=\"elementor-element elementor-element-7ea2567d elementor-widget elementor-widget-text-editor\" data-id=\"7ea2567d\" data-element_type=\"widget\" data-e-type=\"widget\" data-widget_type=\"text-editor.default\">\n\t\t\t\t<div class=\"elementor-widget-container\">\n\t\t\t\t\t\t\t\t\t<p>A fokok k\u00f6z\u00e9ppontjainak t\u00e1vols\u00e1ga a k\u00fcl\u00f6nb\u00f6z\u0151 m\u00e9ret\u0171 EdiMatt m\u00e1sz\u00f3k\u00e1k eset\u00e9ben v\u00e1ltoz\u00f3.<\/p>\n<ul>\n<li>Klasszik 12,3 cm<\/li>\n<li>Man\u00f3 10,3 cm<\/li>\n<li>Vit\u00e9z 11,5 cm<\/li>\n<li>G\u00f3li\u00e1t 12,3 cm<\/li>\n<\/ul>\t\t\t\t\t\t\t\t<\/div>\n\t\t\t\t<\/div>\n\t\t\t\t\t<\/div>\n\t\t<\/div>\n\t\t\t\t\t<\/div>\n\t\t<\/section>\n\t\t\t\t<\/div>\n\t\t","protected":false},"excerpt":{"rendered":"<p>A fokok k\u00f6z\u00e9ppontjainak t\u00e1vols\u00e1ga a k\u00fcl\u00f6nb\u00f6z\u0151 m\u00e9ret\u0171 EdiMatt m\u00e1sz\u00f3k\u00e1k eset\u00e9ben v\u00e1ltoz\u00f3. Klasszik 12,3 cm Man\u00f3 10,3 cm Vit\u00e9z 11,5 cm G\u00f3li\u00e1t 12,3 cm<\/p>\n","protected":false},"author":1,"featured_media":0,"parent":0,"menu_order":0,"comment_status":"closed","ping_status":"closed","template":"","meta":{"footnotes":""},"class_list":["post-6812","page","type-page","status-publish","hentry","entry","wvn-thumbs-layout-horizontal","wvn-btn-normal","wvn-tabs-layout-horizontal","has-no-thumbnails"],"_links":{"self":[{"href":"https:\/\/edimatt.com\/hu\/wp-json\/wp\/v2\/pages\/6812","targetHints":{"allow":["GET"]}}],"collection":[{"href":"https:\/\/edimatt.com\/hu\/wp-json\/wp\/v2\/pages"}],"about":[{"href":"https:\/\/edimatt.com\/hu\/wp-json\/wp\/v2\/types\/page"}],"author":[{"embeddable":true,"href":"https:\/\/edimatt.com\/hu\/wp-json\/wp\/v2\/users\/1"}],"replies":[{"embeddable":true,"href":"https:\/\/edimatt.com\/hu\/wp-json\/wp\/v2\/comments?post=6812"}],"version-history":[{"count":13,"href":"https:\/\/edimatt.com\/hu\/wp-json\/wp\/v2\/pages\/6812\/revisions"}],"predecessor-version":[{"id":8850,"href":"https:\/\/edimatt.com\/hu\/wp-json\/wp\/v2\/pages\/6812\/revisions\/8850"}],"wp:attachment":[{"href":"https:\/\/edimatt.com\/hu\/wp-json\/wp\/v2\/media?parent=6812"}],"curies":[{"name":"wp","href":"https:\/\/api.w.org\/{rel}","templated":true}]}}