{"id":6813,"date":"2021-07-11T13:17:49","date_gmt":"2021-07-11T12:17:49","guid":{"rendered":"https:\/\/edimatt.hu\/?page_id=6813"},"modified":"2021-07-11T14:11:22","modified_gmt":"2021-07-11T13:11:22","slug":"rampa-csuszda-rogzites","status":"publish","type":"page","link":"https:\/\/edimatt.com\/hu\/rampa-csuszda-rogzites\/","title":{"rendered":"R\u00e1mpa &#8211; cs\u00faszda r\u00f6gz\u00edt\u00e9s"},"content":{"rendered":"\t\t<div data-elementor-type=\"wp-page\" data-elementor-id=\"6813\" class=\"elementor elementor-6813\">\n\t\t\t\t\t\t<section class=\"elementor-section elementor-top-section elementor-element elementor-element-69e25ce elementor-section-boxed elementor-section-height-default elementor-section-height-default\" data-id=\"69e25ce\" data-element_type=\"section\" data-e-type=\"section\">\n\t\t\t\t\t\t<div class=\"elementor-container elementor-column-gap-default\">\n\t\t\t\t\t<div class=\"elementor-column elementor-col-33 elementor-top-column elementor-element elementor-element-409c5c6\" data-id=\"409c5c6\" data-element_type=\"column\" data-e-type=\"column\">\n\t\t\t<div class=\"elementor-widget-wrap elementor-element-populated\">\n\t\t\t\t\t\t<div class=\"elementor-element elementor-element-72af156 elementor-widget elementor-widget-text-editor\" data-id=\"72af156\" data-element_type=\"widget\" data-e-type=\"widget\" data-widget_type=\"text-editor.default\">\n\t\t\t\t<div class=\"elementor-widget-container\">\n\t\t\t\t\t\t\t\t\t<p>A R\u00e1mpa &#8211; cs\u00faszda r\u00f6gz\u00edt\u00e9se er\u0151s hevederekkel t\u00f6rt\u00e9nik. A r\u00f6gz\u00edt\u00e9st minden esetben feln\u0151tt v\u00e9gezze vagy ellen\u0151rizze!<\/p>\t\t\t\t\t\t\t\t<\/div>\n\t\t\t\t<\/div>\n\t\t\t\t\t<\/div>\n\t\t<\/div>\n\t\t\t\t<div class=\"elementor-column elementor-col-33 elementor-top-column elementor-element elementor-element-64a2abd\" data-id=\"64a2abd\" data-element_type=\"column\" data-e-type=\"column\">\n\t\t\t<div class=\"elementor-widget-wrap elementor-element-populated\">\n\t\t\t\t\t\t<div class=\"elementor-element elementor-element-747a9d0 elementor-widget elementor-widget-image\" data-id=\"747a9d0\" data-element_type=\"widget\" data-e-type=\"widget\" data-widget_type=\"image.default\">\n\t\t\t\t<div class=\"elementor-widget-container\">\n\t\t\t\t\t\t\t\t\t\t\t\t\t\t\t<img fetchpriority=\"high\" decoding=\"async\" width=\"1024\" height=\"683\" src=\"https:\/\/edimatt.com\/wp-content\/uploads\/2021\/07\/352A9537-1024x683.jpg\" class=\"attachment-large size-large wp-image-6724\" alt=\"\" srcset=\"https:\/\/edimatt.com\/wp-content\/uploads\/2021\/07\/352A9537-1024x683.jpg 1024w, https:\/\/edimatt.com\/wp-content\/uploads\/2021\/07\/352A9537-600x400.jpg 600w, https:\/\/edimatt.com\/wp-content\/uploads\/2021\/07\/352A9537-300x200.jpg 300w, https:\/\/edimatt.com\/wp-content\/uploads\/2021\/07\/352A9537-768x512.jpg 768w, https:\/\/edimatt.com\/wp-content\/uploads\/2021\/07\/352A9537-1536x1024.jpg 1536w, https:\/\/edimatt.com\/wp-content\/uploads\/2021\/07\/352A9537-2048x1365.jpg 2048w\" sizes=\"(max-width: 1024px) 100vw, 1024px\" \/>\t\t\t\t\t\t\t\t\t\t\t\t\t\t\t<\/div>\n\t\t\t\t<\/div>\n\t\t\t\t\t<\/div>\n\t\t<\/div>\n\t\t\t\t<div class=\"elementor-column elementor-col-33 elementor-top-column elementor-element elementor-element-f34c29e\" data-id=\"f34c29e\" data-element_type=\"column\" data-e-type=\"column\">\n\t\t\t<div class=\"elementor-widget-wrap elementor-element-populated\">\n\t\t\t\t\t\t<div class=\"elementor-element elementor-element-6dce289 elementor-widget elementor-widget-image\" data-id=\"6dce289\" data-element_type=\"widget\" data-e-type=\"widget\" data-widget_type=\"image.default\">\n\t\t\t\t<div class=\"elementor-widget-container\">\n\t\t\t\t\t\t\t\t\t\t\t\t\t\t\t<img decoding=\"async\" width=\"1024\" height=\"683\" src=\"https:\/\/edimatt.com\/wp-content\/uploads\/2021\/07\/352A9543-1024x683.jpg\" class=\"attachment-large size-large wp-image-6842\" alt=\"\" srcset=\"https:\/\/edimatt.com\/wp-content\/uploads\/2021\/07\/352A9543-1024x683.jpg 1024w, https:\/\/edimatt.com\/wp-content\/uploads\/2021\/07\/352A9543-600x400.jpg 600w, https:\/\/edimatt.com\/wp-content\/uploads\/2021\/07\/352A9543-300x200.jpg 300w, https:\/\/edimatt.com\/wp-content\/uploads\/2021\/07\/352A9543-768x512.jpg 768w, https:\/\/edimatt.com\/wp-content\/uploads\/2021\/07\/352A9543-1536x1024.jpg 1536w, https:\/\/edimatt.com\/wp-content\/uploads\/2021\/07\/352A9543-2048x1365.jpg 2048w\" sizes=\"(max-width: 1024px) 100vw, 1024px\" \/>\t\t\t\t\t\t\t\t\t\t\t\t\t\t\t<\/div>\n\t\t\t\t<\/div>\n\t\t\t\t\t<\/div>\n\t\t<\/div>\n\t\t\t\t\t<\/div>\n\t\t<\/section>\n\t\t\t\t<\/div>\n\t\t","protected":false},"excerpt":{"rendered":"<p>A R\u00e1mpa &#8211; cs\u00faszda r\u00f6gz\u00edt\u00e9se er\u0151s hevederekkel t\u00f6rt\u00e9nik. A r\u00f6gz\u00edt\u00e9st minden esetben feln\u0151tt v\u00e9gezze vagy ellen\u0151rizze!<\/p>\n","protected":false},"author":1,"featured_media":0,"parent":0,"menu_order":0,"comment_status":"closed","ping_status":"closed","template":"","meta":{"footnotes":""},"class_list":["post-6813","page","type-page","status-publish","hentry","entry","wvn-thumbs-layout-horizontal","wvn-btn-normal","wvn-tabs-layout-horizontal","has-no-thumbnails"],"_links":{"self":[{"href":"https:\/\/edimatt.com\/hu\/wp-json\/wp\/v2\/pages\/6813","targetHints":{"allow":["GET"]}}],"collection":[{"href":"https:\/\/edimatt.com\/hu\/wp-json\/wp\/v2\/pages"}],"about":[{"href":"https:\/\/edimatt.com\/hu\/wp-json\/wp\/v2\/types\/page"}],"author":[{"embeddable":true,"href":"https:\/\/edimatt.com\/hu\/wp-json\/wp\/v2\/users\/1"}],"replies":[{"embeddable":true,"href":"https:\/\/edimatt.com\/hu\/wp-json\/wp\/v2\/comments?post=6813"}],"version-history":[{"count":4,"href":"https:\/\/edimatt.com\/hu\/wp-json\/wp\/v2\/pages\/6813\/revisions"}],"predecessor-version":[{"id":6845,"href":"https:\/\/edimatt.com\/hu\/wp-json\/wp\/v2\/pages\/6813\/revisions\/6845"}],"wp:attachment":[{"href":"https:\/\/edimatt.com\/hu\/wp-json\/wp\/v2\/media?parent=6813"}],"curies":[{"name":"wp","href":"https:\/\/api.w.org\/{rel}","templated":true}]}}