{"id":6925,"date":"2021-09-12T15:06:05","date_gmt":"2021-09-12T14:06:05","guid":{"rendered":"https:\/\/edimatt.hu\/?page_id=6925"},"modified":"2021-09-12T15:45:51","modified_gmt":"2021-09-12T14:45:51","slug":"rolunk-irtak","status":"publish","type":"page","link":"https:\/\/edimatt.com\/hu\/rolunk-irtak\/","title":{"rendered":"R\u00f3lunk \u00edrt\u00e1k"},"content":{"rendered":"\t\t<div data-elementor-type=\"wp-page\" data-elementor-id=\"6925\" class=\"elementor elementor-6925\">\n\t\t\t\t\t\t<section class=\"elementor-section elementor-top-section elementor-element elementor-element-f53daaa elementor-section-boxed elementor-section-height-default elementor-section-height-default\" data-id=\"f53daaa\" data-element_type=\"section\" data-e-type=\"section\">\n\t\t\t\t\t\t<div class=\"elementor-container elementor-column-gap-default\">\n\t\t\t\t\t<div class=\"elementor-column elementor-col-50 elementor-top-column elementor-element elementor-element-9abdd3d\" data-id=\"9abdd3d\" data-element_type=\"column\" data-e-type=\"column\">\n\t\t\t<div class=\"elementor-widget-wrap elementor-element-populated\">\n\t\t\t\t\t\t<div class=\"elementor-element elementor-element-518e071 elementor-widget elementor-widget-text-editor\" data-id=\"518e071\" data-element_type=\"widget\" data-e-type=\"widget\" data-widget_type=\"text-editor.default\">\n\t\t\t\t<div class=\"elementor-widget-container\">\n\t\t\t\t\t\t\t\t\t<p>Szeretn\u00e9m nektek meg\u00edrni a tapasztalatainkat \u00e9s a v\u00e9lem\u00e9ny\u00fcnket a G\u00f3li\u00e1t m\u00e1sz\u00f3k\u00e1r\u00f3l, amit majd f\u00e9l \u00e9ve vett\u00fcnk. El\u00e9g sokat r\u00e1gtuk magunkat, hogy milyen fajta pikler h\u00e1romsz\u00f6get vegy\u00fcnk a 3 \u00e9s 1,5 \u00e9ves kisl\u00e1nyainknak, hogy min\u00e9l tov\u00e1bb \u00e9rdekes legyen nekik a j\u00e1t\u00e9k vele, \u00edgy jutottunk el hozz\u00e1tok. Ami els\u0151re megfogott benn\u00fcnket a Mopitri Pikler h\u00e1romsz\u00f6gben az a vari\u00e1lhat\u00f3s\u00e1ga, minden h\u00e9ten k\u00e9rik a gyerekek hogy \u00faj form\u00e1t \u00e1ll\u00edtsunk nekik \u00f6ssze bel\u0151le.<\/p><p>Megmondom az igazat, hogy az\u00e9rt is akartunk nagyon egy ilyen belt\u00e9ri m\u00e1sz\u00f3kat, mert f\u00e9lt\u00fcnk nagyon hogy megint lez\u00e1rj\u00e1k a j\u00e1tsz\u00f3tereket vagy ne adj Isten elkapjuk a v\u00edrust \u00e9s karant\u00e9nba ker\u00fcl\u00fcnk k\u00e9t kis \u00f6r\u00f6kmozg\u00f3val \u00e9s milyen j\u00f3l is tett\u00fck, mert t\u00e9nyleg karant\u00e9nba ker\u00fclt\u00fcnk a belv\u00e1ros k\u00f6zep\u00e9n \u00e9s m\u00e9g a lak\u00e1sb\u00f3l se tudtuk kitenni a l\u00e1bunkat. A gyerekek feltal\u00e1lt\u00e1k magukat, nagy h\u00e1romsz\u00f6gbe k\u00e9rt\u00e9k a m\u00e1sz\u00f3k\u00e1t \u00e9s minden nap fent \u00fcltek a tetej\u00e9n \u00e9s onnan n\u00e9zt\u00e9k, hogy mi folyik kint az utc\u00e1n, mintha csak egy \u00f3ri\u00e1si interakt\u00edv b\u00f6ng\u00e9sz\u0151nk lett volna xD.<\/p><p>Van cs\u00faszd\u00e1nk is \u00e9s hint\u00e1nk is a m\u00e1sz\u00f3k\u00e1hoz, amit teljesen j\u00f3l kihaszn\u00e1nak \u00e9s ugyan \u00fagy kreat\u00edvak vele, legut\u00f3bb betolt\u00e1k a hint\u00e1t a m\u00e1sz\u00f3ka al\u00e1 \u00e9s az egyik gyerek a hint\u00e1ba fek\u00fcdt a m\u00e1sik pedig a tetej\u00e9n \u00e9s boldogan \u00fajs\u00e1golt\u00e1k, hogy emeletes \u00e1gyuk van.<\/p><p>1 sz\u00f3, mint 100 nek\u00fcnk nagyon meg\u00e9rte az \u00e1r\u00e1t, mert egy teljesen kihaszn\u00e1lt hossz\u00fa t\u00e1v\u00fa min\u0151s\u00e9gi j\u00e1t\u00e9kot siker\u00fclt beszerezn\u00fcnk \u00e1ltalatok. K\u00f6sz\u00f6nj\u00fck!<\/p><p style=\"text-align: center;\">M\u00e1ria\u00a0 \u00a0 \u00a0 \/Budapest\/<\/p>\t\t\t\t\t\t\t\t<\/div>\n\t\t\t\t<\/div>\n\t\t\t\t\t<\/div>\n\t\t<\/div>\n\t\t\t\t<div class=\"elementor-column elementor-col-50 elementor-top-column elementor-element elementor-element-1d161ce\" data-id=\"1d161ce\" data-element_type=\"column\" data-e-type=\"column\">\n\t\t\t<div class=\"elementor-widget-wrap elementor-element-populated\">\n\t\t\t\t\t\t<div class=\"elementor-element elementor-element-057c670 elementor-widget elementor-widget-image\" data-id=\"057c670\" data-element_type=\"widget\" data-e-type=\"widget\" data-widget_type=\"image.default\">\n\t\t\t\t<div class=\"elementor-widget-container\">\n\t\t\t\t\t\t\t\t\t\t\t\t\t\t\t<img fetchpriority=\"high\" decoding=\"async\" width=\"1024\" height=\"681\" src=\"https:\/\/edimatt.com\/wp-content\/uploads\/2021\/09\/DSC09227-1024x681.jpg\" class=\"attachment-large size-large wp-image-6936\" alt=\"\" srcset=\"https:\/\/edimatt.com\/wp-content\/uploads\/2021\/09\/DSC09227-1024x681.jpg 1024w, https:\/\/edimatt.com\/wp-content\/uploads\/2021\/09\/DSC09227-600x399.jpg 600w, https:\/\/edimatt.com\/wp-content\/uploads\/2021\/09\/DSC09227-300x199.jpg 300w, https:\/\/edimatt.com\/wp-content\/uploads\/2021\/09\/DSC09227-768x510.jpg 768w, https:\/\/edimatt.com\/wp-content\/uploads\/2021\/09\/DSC09227.jpg 1419w\" sizes=\"(max-width: 1024px) 100vw, 1024px\" \/>\t\t\t\t\t\t\t\t\t\t\t\t\t\t\t<\/div>\n\t\t\t\t<\/div>\n\t\t\t\t<div class=\"elementor-element elementor-element-e50be8b elementor-widget elementor-widget-image\" data-id=\"e50be8b\" data-element_type=\"widget\" data-e-type=\"widget\" data-widget_type=\"image.default\">\n\t\t\t\t<div class=\"elementor-widget-container\">\n\t\t\t\t\t\t\t\t\t\t\t\t\t\t\t<img decoding=\"async\" width=\"627\" height=\"943\" src=\"https:\/\/edimatt.com\/wp-content\/uploads\/2021\/09\/DSC09280.jpg\" class=\"attachment-large size-large wp-image-6937\" alt=\"\" srcset=\"https:\/\/edimatt.com\/wp-content\/uploads\/2021\/09\/DSC09280.jpg 627w, https:\/\/edimatt.com\/wp-content\/uploads\/2021\/09\/DSC09280-600x902.jpg 600w, https:\/\/edimatt.com\/wp-content\/uploads\/2021\/09\/DSC09280-199x300.jpg 199w\" sizes=\"(max-width: 627px) 100vw, 627px\" \/>\t\t\t\t\t\t\t\t\t\t\t\t\t\t\t<\/div>\n\t\t\t\t<\/div>\n\t\t\t\t\t<\/div>\n\t\t<\/div>\n\t\t\t\t\t<\/div>\n\t\t<\/section>\n\t\t\t\t<section class=\"elementor-section elementor-top-section elementor-element elementor-element-1e5ce8b elementor-section-boxed elementor-section-height-default elementor-section-height-default\" data-id=\"1e5ce8b\" data-element_type=\"section\" data-e-type=\"section\">\n\t\t\t\t\t\t<div class=\"elementor-container elementor-column-gap-default\">\n\t\t\t\t\t<div class=\"elementor-column elementor-col-100 elementor-top-column elementor-element elementor-element-8dc694a\" data-id=\"8dc694a\" data-element_type=\"column\" data-e-type=\"column\">\n\t\t\t<div class=\"elementor-widget-wrap elementor-element-populated\">\n\t\t\t\t\t\t<div class=\"elementor-element elementor-element-0943ad6 elementor-widget-divider--view-line elementor-widget elementor-widget-divider\" data-id=\"0943ad6\" data-element_type=\"widget\" data-e-type=\"widget\" data-widget_type=\"divider.default\">\n\t\t\t\t<div class=\"elementor-widget-container\">\n\t\t\t\t\t\t\t<div class=\"elementor-divider\">\n\t\t\t<span class=\"elementor-divider-separator\">\n\t\t\t\t\t\t<\/span>\n\t\t<\/div>\n\t\t\t\t\t\t<\/div>\n\t\t\t\t<\/div>\n\t\t\t\t\t<\/div>\n\t\t<\/div>\n\t\t\t\t\t<\/div>\n\t\t<\/section>\n\t\t\t\t<section class=\"elementor-section elementor-top-section elementor-element elementor-element-17d8d90 elementor-section-boxed elementor-section-height-default elementor-section-height-default\" data-id=\"17d8d90\" data-element_type=\"section\" data-e-type=\"section\">\n\t\t\t\t\t\t<div class=\"elementor-container elementor-column-gap-default\">\n\t\t\t\t\t<div class=\"elementor-column elementor-col-100 elementor-top-column elementor-element elementor-element-9056561\" data-id=\"9056561\" data-element_type=\"column\" data-e-type=\"column\">\n\t\t\t<div class=\"elementor-widget-wrap elementor-element-populated\">\n\t\t\t\t\t\t<div class=\"elementor-element elementor-element-56a943a elementor-widget elementor-widget-text-editor\" data-id=\"56a943a\" data-element_type=\"widget\" data-e-type=\"widget\" data-widget_type=\"text-editor.default\">\n\t\t\t\t<div class=\"elementor-widget-container\">\n\t\t\t\t\t\t\t\t\t<p>2 \u00e9ves kisl\u00e1nyunk a Vit\u00e9zt napi szinten haszn\u00e1lja, 1-2 hetente alak\u00edtjuk \u00e1t. \u00c1tm\u00e1szik alatta, b\u00faj\u00f3csk\u00e1zik, de a kedvenc\u00fcnk a h\u00e1zik\u00f3 forma. K\u00f6sz\u00f6nj\u00fck a min\u0151s\u00e9gi term\u00e9ket.<\/p>\n<p style=\"text-align: center;\">Nikoletta&nbsp; &nbsp;\/Gy\u0151r\/<\/p>\t\t\t\t\t\t\t\t<\/div>\n\t\t\t\t<\/div>\n\t\t\t\t\t<\/div>\n\t\t<\/div>\n\t\t\t\t\t<\/div>\n\t\t<\/section>\n\t\t\t\t<\/div>\n\t\t","protected":false},"excerpt":{"rendered":"<p>Szeretn\u00e9m nektek meg\u00edrni a tapasztalatainkat \u00e9s a v\u00e9lem\u00e9ny\u00fcnket a G\u00f3li\u00e1t m\u00e1sz\u00f3k\u00e1r\u00f3l, amit majd f\u00e9l \u00e9ve vett\u00fcnk. El\u00e9g sokat r\u00e1gtuk magunkat, hogy milyen fajta pikler h\u00e1romsz\u00f6get vegy\u00fcnk a 3 \u00e9s 1,5 \u00e9ves kisl\u00e1nyainknak, hogy min\u00e9l tov\u00e1bb \u00e9rdekes legyen nekik a j\u00e1t\u00e9k vele, \u00edgy jutottunk el hozz\u00e1tok. Ami els\u0151re megfogott benn\u00fcnket a Mopitri Pikler h\u00e1romsz\u00f6gben az a [&hellip;]<\/p>\n","protected":false},"author":1,"featured_media":0,"parent":0,"menu_order":0,"comment_status":"closed","ping_status":"closed","template":"","meta":{"footnotes":""},"class_list":["post-6925","page","type-page","status-publish","hentry","entry","wvn-thumbs-layout-horizontal","wvn-btn-normal","wvn-tabs-layout-horizontal","has-no-thumbnails"],"_links":{"self":[{"href":"https:\/\/edimatt.com\/hu\/wp-json\/wp\/v2\/pages\/6925","targetHints":{"allow":["GET"]}}],"collection":[{"href":"https:\/\/edimatt.com\/hu\/wp-json\/wp\/v2\/pages"}],"about":[{"href":"https:\/\/edimatt.com\/hu\/wp-json\/wp\/v2\/types\/page"}],"author":[{"embeddable":true,"href":"https:\/\/edimatt.com\/hu\/wp-json\/wp\/v2\/users\/1"}],"replies":[{"embeddable":true,"href":"https:\/\/edimatt.com\/hu\/wp-json\/wp\/v2\/comments?post=6925"}],"version-history":[{"count":22,"href":"https:\/\/edimatt.com\/hu\/wp-json\/wp\/v2\/pages\/6925\/revisions"}],"predecessor-version":[{"id":6952,"href":"https:\/\/edimatt.com\/hu\/wp-json\/wp\/v2\/pages\/6925\/revisions\/6952"}],"wp:attachment":[{"href":"https:\/\/edimatt.com\/hu\/wp-json\/wp\/v2\/media?parent=6925"}],"curies":[{"name":"wp","href":"https:\/\/api.w.org\/{rel}","templated":true}]}}