{"id":8832,"date":"2024-01-21T11:13:39","date_gmt":"2024-01-21T10:13:39","guid":{"rendered":"https:\/\/edimatt.com\/?page_id=8832"},"modified":"2024-01-21T11:13:39","modified_gmt":"2024-01-21T10:13:39","slug":"pikler_","status":"publish","type":"page","link":"https:\/\/edimatt.com\/hu\/pikler_\/","title":{"rendered":"Pikler_"},"content":{"rendered":"<div>\n<p class=\"x_Normal\"><span class=\"markydsbwvi7k\" data-markjs=\"true\" data-ogac=\"\" data-ogab=\"\" data-ogsc=\"\" data-ogsb=\"\">Pikler<\/span>\u00a0Emmi gondolkod\u00e1s\u00e1ban \u00e9s gyermekorvosi tev\u00e9kenys\u00e9g\u00e9ben fontos szerepet j\u00e1tszott a testi \u00e9s lelki eg\u00e9szs\u00e9g, az eg\u00e9szs\u00e9ges \u00e9letm\u00f3d \u00e9s eg\u00e9szs\u00e9ges fejl\u0151d\u00e9s harm\u00f3ni\u00e1ja. Felismerte<span class=\"x_15\">, hogy a gyermek a feln\u0151tt szeretetteljes gondoskod\u00e1s\u00e1t \u00e9rezve k\u00e9pes a saj\u00e1t ritmus\u00e1ban, a saj\u00e1t pr\u00f3b\u00e1lkoz\u00e1sain kereszt\u00fcl fejl\u0151dni, a vil\u00e1got megismerni.<\/span><\/p>\n<\/div>\n<div>\n<p class=\"x_Normal\">Pikler pedag\u00f3gia<\/p>\n<div>\n<p class=\"x_MsoNormal\"><span class=\"markydsbwvi7k\" data-markjs=\"true\" data-ogac=\"\" data-ogab=\"\" data-ogsc=\"\" data-ogsb=\"\">Pikler<\/span>\u00a0Emmi gyermekorvos \u00e9s k\u00f6vet\u0151i \u00e1ltal r\u00e9szletesen kidolgozott, a gyermek egy\u00e9ni ig\u00e9nyeit is figyelembe vev\u0151 \u00e9s ehhez alkalmazkod\u00f3, a szabad j\u00e1t\u00e9kon \u00e9s mozg\u00e1son, valamint a tapintatos gondolkod\u00e1son alapul\u00f3 egyed\u00fcl\u00e1ll\u00f3 csecsem\u0151-\u00e9s kisgyermeknevel\u00e9si szeml\u00e9let.<\/p>\n<p class=\"x_MsoNormal\">A\u00a0<span class=\"markydsbwvi7k\" data-markjs=\"true\" data-ogac=\"\" data-ogab=\"\" data-ogsc=\"\" data-ogsb=\"\">Pikler<\/span>\u00a0szeml\u00e9let folyamatosan fejl\u0151dik, 70 \u00e9ve alkalmazz\u00e1k Magyarorsz\u00e1gon \u00e9s szerte a vil\u00e1gban.<\/p>\n<div>\n<p class=\"x_MsoNormal\"><span class=\"markydsbwvi7k\" data-markjs=\"true\" data-ogac=\"\" data-ogab=\"\" data-ogsc=\"\" data-ogsb=\"\">Pikler<\/span>\u00a0Emmi pedag\u00f3giai rendszere saj\u00e1tos b\u00fatorokat \u00e9s mozg\u00e1seszk\u00f6z\u00f6ket k\u00edn\u00e1l a kisgyerekeknek, melyek eg\u00e9szen kicsi (6-12 h\u00f3napos) kort\u00f3l kezdve haszn\u00e1lhat\u00f3k, \u00e9s a mozg\u00e1sfejl\u0151d\u00e9s valamennyi szintj\u00e9hez k\u00edn\u00e1l \u00fajabb lehet\u0151s\u00e9geket.<\/p>\n<\/div>\n<div>\n<p class=\"x_MsoNormal\">A\u00a0<span class=\"markydsbwvi7k\" data-markjs=\"true\" data-ogac=\"\" data-ogab=\"\" data-ogsc=\"\" data-ogsb=\"\">Pikler<\/span>\u00a0eszk\u00f6z\u00f6ket a gyerekek a feln\u0151tt k\u00f6zvetlen beavatkoz\u00e1sa n\u00e9lk\u00fcl haszn\u00e1lhatj\u00e1k. Szabadon mozoghatnak, egy\u00e9ni ritmusukban fedezhetik fel a saj\u00e1t k\u00e9pess\u00e9geiket, ha kell\u0151 fokozatoss\u00e1ggal ismerkednek meg ezekkel az eszk\u00f6z\u00f6kkel, \u00e9s ha tapintatos feln\u0151ttek figyelmesen k\u00eds\u00e9rik pr\u00f3b\u00e1lkoz\u00e1saikat.<\/p>\n<p class=\"x_MsoNormal\">A\u00a0<span class=\"markydsbwvi7k\" data-markjs=\"true\" data-ogac=\"\" data-ogab=\"\" data-ogsc=\"\" data-ogsb=\"\">Pikler<\/span>\u00a0pedag\u00f3gia elvei alapj\u00e1n kialak\u00edtott t\u00e9rben, a j\u00e1tsz\u00f3hely padl\u00f3zata kem\u00e9ny, \u00edgy a gyerekek k\u00f6nnyebben tudnak megt\u00e1maszkodni, mozogni. A vesz\u00e9lyes helyzetek elker\u00fcl\u00e9se \u00e9rdek\u00e9ben a mozg\u00e1seszk\u00f6z\u00f6k elhelyez\u00e9sekor \u00fcgyelni kell arra, hogy \u00e9les sz\u00e9l\u0171 vagy hegyes t\u00e1rgy ne legyen a k\u00f6zelben. A mozg\u00e1seszk\u00f6z\u00f6k haszn\u00e1lata akkor a leghat\u00e9konyabb, ha kisgyermekek mez\u00edtl\u00e1b lehetnek, \u00edgy k\u00f6zvetlen\u00fcl \u00e9rz\u00e9kelhetik e fel\u00fcleteket, amin mozognak.<\/p>\n<\/div>\n<p class=\"x_MsoNormal\" aria-hidden=\"true\">\n<\/div>\n<\/div>\n","protected":false},"excerpt":{"rendered":"<p>Pikler\u00a0Emmi gondolkod\u00e1s\u00e1ban \u00e9s gyermekorvosi tev\u00e9kenys\u00e9g\u00e9ben fontos szerepet j\u00e1tszott a testi \u00e9s lelki eg\u00e9szs\u00e9g, az eg\u00e9szs\u00e9ges \u00e9letm\u00f3d \u00e9s eg\u00e9szs\u00e9ges fejl\u0151d\u00e9s harm\u00f3ni\u00e1ja. Felismerte, hogy a gyermek a feln\u0151tt szeretetteljes gondoskod\u00e1s\u00e1t \u00e9rezve k\u00e9pes a saj\u00e1t ritmus\u00e1ban, a saj\u00e1t pr\u00f3b\u00e1lkoz\u00e1sain kereszt\u00fcl fejl\u0151dni, a vil\u00e1got megismerni. Pikler pedag\u00f3gia Pikler\u00a0Emmi gyermekorvos \u00e9s k\u00f6vet\u0151i \u00e1ltal r\u00e9szletesen kidolgozott, a gyermek egy\u00e9ni ig\u00e9nyeit is [&hellip;]<\/p>\n","protected":false},"author":1,"featured_media":0,"parent":0,"menu_order":0,"comment_status":"closed","ping_status":"closed","template":"","meta":{"footnotes":""},"class_list":["post-8832","page","type-page","status-publish","hentry","entry","wvn-thumbs-layout-horizontal","wvn-btn-normal","wvn-tabs-layout-horizontal","has-no-thumbnails"],"_links":{"self":[{"href":"https:\/\/edimatt.com\/hu\/wp-json\/wp\/v2\/pages\/8832","targetHints":{"allow":["GET"]}}],"collection":[{"href":"https:\/\/edimatt.com\/hu\/wp-json\/wp\/v2\/pages"}],"about":[{"href":"https:\/\/edimatt.com\/hu\/wp-json\/wp\/v2\/types\/page"}],"author":[{"embeddable":true,"href":"https:\/\/edimatt.com\/hu\/wp-json\/wp\/v2\/users\/1"}],"replies":[{"embeddable":true,"href":"https:\/\/edimatt.com\/hu\/wp-json\/wp\/v2\/comments?post=8832"}],"version-history":[{"count":1,"href":"https:\/\/edimatt.com\/hu\/wp-json\/wp\/v2\/pages\/8832\/revisions"}],"predecessor-version":[{"id":8833,"href":"https:\/\/edimatt.com\/hu\/wp-json\/wp\/v2\/pages\/8832\/revisions\/8833"}],"wp:attachment":[{"href":"https:\/\/edimatt.com\/hu\/wp-json\/wp\/v2\/media?parent=8832"}],"curies":[{"name":"wp","href":"https:\/\/api.w.org\/{rel}","templated":true}]}}