{"id":6064,"date":"2021-02-20T23:21:48","date_gmt":"2021-02-20T23:21:48","guid":{"rendered":"https:\/\/edimatt.hu\/?post_type=product&#038;p=6064"},"modified":"2026-04-08T22:49:28","modified_gmt":"2026-04-08T21:49:28","slug":"hinta","status":"publish","type":"product","link":"https:\/\/edimatt.com\/hu\/termek\/hinta\/","title":{"rendered":"Ringat\u00f3 sziv\u00e1rv\u00e1ny hinta"},"content":{"rendered":"","protected":false},"excerpt":{"rendered":"<p>A sziv\u00e1rv\u00e1ny hinta, mint fejleszt\u0151 eszk\u00f6z seg\u00edti legink\u00e1bb a gyermekek egyens\u00faly\u00e9rz\u00e9k\u00e9nek, mozg\u00e1skoordin\u00e1ci\u00f3j\u00e1nak fejl\u0151d\u00e9s\u00e9t, pozit\u00edv hat\u00e1ssal van az idegrendszeri \u00e9r\u00e9sre \u00e9s a besz\u00e9dfejl\u0151d\u00e9sre is.<\/p>\n<p>A sziv\u00e1rv\u00e1ny hinta kieg\u00e9sz\u00edthet\u0151 a R\u00e1mpa\/cs\u00faszd\u00e1val, \u00edgy\u00a0 cs\u00faszdak\u00e9nt \u00e9s m\u00e1sz\u00f3kak\u00e9nt is haszn\u00e1lhat\u00f3. A k\u00e9toldal\u00fa r\u00e1mpa r\u00f6gz\u00edt\u00e9se a sziv\u00e1rv\u00e1ny hint\u00e1hoz er\u0151s hevederekkel t\u00f6rt\u00e9nik, mely maxim\u00e1lis biztons\u00e1got ny\u00fajt. R\u00e1mpa \/ cs\u00faszda nem r\u00e9sze a sziv\u00e1rv\u00e1ny hint\u00e1nak, k\u00fcl\u00f6n term\u00e9kk\u00e9nt v\u00e1s\u00e1rolhat\u00f3 meg.<\/p>\n<p>Min\u0151s\u00e9gi alapanyagokb\u00f3l k\u00e9sz\u00fclt (ny\u00edr r\u00e9tegelt lemez), k\u00e9zzel csiszolt fa Montessori Ringat\u00f3 sziv\u00e1rv\u00e1ny hinta. Az EdiMatt sziv\u00e1rv\u00e1ny hinta fel\u00fclete gyerekbar\u00e1t nat\u00far kem\u00e9nyolajjal \/ vizes b\u00e1zis\u00fa fest\u00e9kkel fel\u00fcletkezelt.\u00a0T\u00dcV &#8211; S\u00dcD \u00e1ltal CE min\u0151s\u00edtett.<\/p>\n","protected":false},"featured_media":6755,"comment_status":"open","ping_status":"closed","template":"","meta":[],"product_brand":[],"product_cat":[60],"product_tag":[],"class_list":{"0":"post-6064","1":"product","2":"type-product","3":"status-publish","4":"has-post-thumbnail","6":"product_cat-6-honapos-kotrol","7":"entry","8":"has-media","10":"first","11":"instock","12":"featured","13":"taxable","14":"shipping-taxable","15":"purchasable","16":"product-type-variable","17":"col","18":"span_1_of_3","19":"wvn-content-center","20":"wvn-thumbs-layout-horizontal","21":"wvn-btn-normal","22":"wvn-tabs-layout-horizontal"},"_links":{"self":[{"href":"https:\/\/edimatt.com\/hu\/wp-json\/wp\/v2\/product\/6064","targetHints":{"allow":["GET"]}}],"collection":[{"href":"https:\/\/edimatt.com\/hu\/wp-json\/wp\/v2\/product"}],"about":[{"href":"https:\/\/edimatt.com\/hu\/wp-json\/wp\/v2\/types\/product"}],"replies":[{"embeddable":true,"href":"https:\/\/edimatt.com\/hu\/wp-json\/wp\/v2\/comments?post=6064"}],"wp:featuredmedia":[{"embeddable":true,"href":"https:\/\/edimatt.com\/hu\/wp-json\/wp\/v2\/media\/6755"}],"wp:attachment":[{"href":"https:\/\/edimatt.com\/hu\/wp-json\/wp\/v2\/media?parent=6064"}],"wp:term":[{"taxonomy":"product_brand","embeddable":true,"href":"https:\/\/edimatt.com\/hu\/wp-json\/wp\/v2\/product_brand?post=6064"},{"taxonomy":"product_cat","embeddable":true,"href":"https:\/\/edimatt.com\/hu\/wp-json\/wp\/v2\/product_cat?post=6064"},{"taxonomy":"product_tag","embeddable":true,"href":"https:\/\/edimatt.com\/hu\/wp-json\/wp\/v2\/product_tag?post=6064"}],"curies":[{"name":"wp","href":"https:\/\/api.w.org\/{rel}","templated":true}]}}