{"id":6562,"date":"2021-06-01T12:21:42","date_gmt":"2021-06-01T11:21:42","guid":{"rendered":"https:\/\/edimatt.hu\/?post_type=product&#038;p=6562"},"modified":"2026-04-18T06:40:12","modified_gmt":"2026-04-18T05:40:12","slug":"rampa-csuszda","status":"publish","type":"product","link":"https:\/\/edimatt.com\/hu\/termek\/rampa-csuszda\/","title":{"rendered":"R\u00e1mpa \/ Cs\u00faszda"},"content":{"rendered":"","protected":false},"excerpt":{"rendered":"<p style=\"font-weight: 400;\">Egyik oldala sima fel\u00fclet\u0171, mely cs\u00faszdak\u00e9nt funkci\u00f3n\u00e1l, m\u00e1sik oldala bord\u00e1zott fel\u00fclet\u0171 vagy am\u0151ba form\u00e1j\u00fa m\u00e1sz\u00f3 foganty\u00fakkal ell\u00e1tott. Kiv\u00e1l\u00f3 kieg\u00e9sz\u00edt\u0151je lehet az EdiMatt m\u00e1sz\u00f3k\u00e1nak vagy a Ringat\u00f3 sziv\u00e1rv\u00e1ny hint\u00e1nak, \u00edgy a m\u00e1sz\u00e1s, j\u00e1tsz\u00e1s \u00e9rdekesebb\u00e9 v\u00e1lik, m\u00e9g t\u00f6bb mosolyt csal a gyermek arc\u00e1ra.<\/p>\n<p style=\"font-weight: 400;\">Min\u0151s\u00e9gi alapanyagokb\u00f3l (ny\u00edr r\u00e9tegelt lemez, b\u00fckkfa) k\u00e9sz\u00fclt, k\u00e9zzel csiszolt R\u00e1mpa \/ Cs\u00faszda. A term\u00e9k fel\u00fclete gyerekbar\u00e1t nat\u00far kem\u00e9nyolajjal \/ vizes b\u00e1zis\u00fa fest\u00e9kkel fel\u00fcletkezelt. R\u00f6gz\u00edt\u00e9se az EdiMatt m\u00e1sz\u00f3k\u00e1hoz \u00e9s a Ringat\u00f3 sziv\u00e1rv\u00e1ny hint\u00e1hoz hevederekkel t\u00f6rt\u00e9nik.<\/p>\n","protected":false},"featured_media":6723,"comment_status":"open","ping_status":"closed","template":"","meta":[],"product_brand":[],"product_cat":[50],"product_tag":[],"class_list":{"0":"post-6562","1":"product","2":"type-product","3":"status-publish","4":"has-post-thumbnail","6":"product_cat-10-honapos-kortol","7":"entry","8":"has-media","10":"first","11":"instock","12":"featured","13":"taxable","14":"shipping-taxable","15":"purchasable","16":"product-type-variable","17":"col","18":"span_1_of_3","19":"wvn-content-center","20":"wvn-thumbs-layout-horizontal","21":"wvn-btn-normal","22":"wvn-tabs-layout-horizontal"},"_links":{"self":[{"href":"https:\/\/edimatt.com\/hu\/wp-json\/wp\/v2\/product\/6562","targetHints":{"allow":["GET"]}}],"collection":[{"href":"https:\/\/edimatt.com\/hu\/wp-json\/wp\/v2\/product"}],"about":[{"href":"https:\/\/edimatt.com\/hu\/wp-json\/wp\/v2\/types\/product"}],"replies":[{"embeddable":true,"href":"https:\/\/edimatt.com\/hu\/wp-json\/wp\/v2\/comments?post=6562"}],"wp:featuredmedia":[{"embeddable":true,"href":"https:\/\/edimatt.com\/hu\/wp-json\/wp\/v2\/media\/6723"}],"wp:attachment":[{"href":"https:\/\/edimatt.com\/hu\/wp-json\/wp\/v2\/media?parent=6562"}],"wp:term":[{"taxonomy":"product_brand","embeddable":true,"href":"https:\/\/edimatt.com\/hu\/wp-json\/wp\/v2\/product_brand?post=6562"},{"taxonomy":"product_cat","embeddable":true,"href":"https:\/\/edimatt.com\/hu\/wp-json\/wp\/v2\/product_cat?post=6562"},{"taxonomy":"product_tag","embeddable":true,"href":"https:\/\/edimatt.com\/hu\/wp-json\/wp\/v2\/product_tag?post=6562"}],"curies":[{"name":"wp","href":"https:\/\/api.w.org\/{rel}","templated":true}]}}