{"id":6593,"date":"2021-06-02T13:49:33","date_gmt":"2021-06-02T12:49:33","guid":{"rendered":"https:\/\/edimatt.hu\/?post_type=product&#038;p=6593"},"modified":"2026-04-18T06:41:19","modified_gmt":"2026-04-18T05:41:19","slug":"vitez-maszoka","status":"publish","type":"product","link":"https:\/\/edimatt.com\/hu\/termek\/vitez-maszoka\/","title":{"rendered":"Vit\u00e9z m\u00e1sz\u00f3ka B\u00e1traknak"},"content":{"rendered":"","protected":false},"excerpt":{"rendered":"<p>Vit\u00e9z m\u00e1sz\u00f3ka form\u00e1ja a fogaskerekek \u00e1ltal k\u00fcl\u00f6nb\u00f6z\u0151 form\u00e1kra alak\u00edthat\u00f3. A n\u00e9gy elemb\u0151l \u00e1ll\u00f3 4 fokos h\u00e1romsz\u00f6g a gyermek mozg\u00e1sfejl\u0151d\u00e9s\u00e9nek megfelel\u0151en haszn\u00e1lhat\u00f3 2, 3 illetve 4 elem \u00f6sszeszerel\u00e9s\u00e9vel. T\u00f6bb mint 30 f\u00e9le alakzatra alak\u00edthat\u00f3, r\u00e1ad\u00e1sul k\u00e9t k\u00fcl\u00f6n\u00e1ll\u00f3 h\u00e1romsz\u00f6gg\u00e9 is sz\u00e9tszedhet\u0151, melyek meredeks\u00e9ge \u00e1ll\u00edthat\u00f3. V\u00e1ltozatoss\u00e1 var\u00e1zsolja a kialak\u00edtott j\u00e1t\u00e9kteret, nap mint nap egy \u00faj form\u00e1j\u00fa m\u00e1sz\u00f3k\u00e1val lephetj\u00fck meg gyermek\u00fcnket. A j\u00e1tsz\u00e1s, m\u00e1sz\u00e1s sor\u00e1n folyamatosan \u00faj \u00e9lm\u00e9nyt ny\u00fajt, mik\u00f6zben fejl\u0151dik a gyermek izomzata, egyens\u00faly\u00e9rz\u00e9ke, nagy motoros k\u00e9pess\u00e9ge.<\/p>\n<p>A k\u00e9toldal\u00fa r\u00e1mpa r\u00f6gz\u00edt\u00e9se a m\u00e1sz\u00f3k\u00e1hoz er\u0151s hevederekkel t\u00f6rt\u00e9nik, mely maxim\u00e1lis biztons\u00e1got ny\u00fajt. R\u00e1mpa \/ cs\u00faszda nem r\u00e9sze a m\u00e1sz\u00f3k\u00e1nak, k\u00fcl\u00f6n term\u00e9kk\u00e9nt v\u00e1s\u00e1rolhat\u00f3 meg.<\/p>\n<p>Min\u0151s\u00e9gi alapanyagokb\u00f3l <strong>27 mm vastag<\/strong> ny\u00edrf\u00e1b\u00f3l \u00e9s b\u00fckkfa rudakb\u00f3l k\u00e9sz\u00fclt, k\u00e9zzel csiszolt \u00e9s fel\u00fcletkezelt m\u00e1sz\u00f3ka. Tan\u00fas\u00edtv\u00e1nnyal rendelkez\u0151 gyerekbar\u00e1t nat\u00far kem\u00e9nyolajjal \/ vizes b\u00e1zis\u00fa fest\u00e9kkel fel\u00fcletkezelt. T\u00dcV &#8211; S\u00dcD \u00e1ltal CE min\u0151s\u00edtett.<\/p>\n","protected":false},"featured_media":6703,"comment_status":"open","ping_status":"closed","template":"","meta":[],"product_brand":[],"product_cat":[51],"product_tag":[],"class_list":{"0":"post-6593","1":"product","2":"type-product","3":"status-publish","4":"has-post-thumbnail","6":"product_cat-1-eves-kortol","7":"entry","8":"has-media","10":"first","11":"instock","12":"featured","13":"taxable","14":"shipping-taxable","15":"purchasable","16":"product-type-variable","17":"has-rating","18":"col","19":"span_1_of_3","20":"wvn-content-center","21":"wvn-thumbs-layout-horizontal","22":"wvn-btn-normal","23":"wvn-tabs-layout-horizontal"},"_links":{"self":[{"href":"https:\/\/edimatt.com\/hu\/wp-json\/wp\/v2\/product\/6593","targetHints":{"allow":["GET"]}}],"collection":[{"href":"https:\/\/edimatt.com\/hu\/wp-json\/wp\/v2\/product"}],"about":[{"href":"https:\/\/edimatt.com\/hu\/wp-json\/wp\/v2\/types\/product"}],"replies":[{"embeddable":true,"href":"https:\/\/edimatt.com\/hu\/wp-json\/wp\/v2\/comments?post=6593"}],"wp:featuredmedia":[{"embeddable":true,"href":"https:\/\/edimatt.com\/hu\/wp-json\/wp\/v2\/media\/6703"}],"wp:attachment":[{"href":"https:\/\/edimatt.com\/hu\/wp-json\/wp\/v2\/media?parent=6593"}],"wp:term":[{"taxonomy":"product_brand","embeddable":true,"href":"https:\/\/edimatt.com\/hu\/wp-json\/wp\/v2\/product_brand?post=6593"},{"taxonomy":"product_cat","embeddable":true,"href":"https:\/\/edimatt.com\/hu\/wp-json\/wp\/v2\/product_cat?post=6593"},{"taxonomy":"product_tag","embeddable":true,"href":"https:\/\/edimatt.com\/hu\/wp-json\/wp\/v2\/product_tag?post=6593"}],"curies":[{"name":"wp","href":"https:\/\/api.w.org\/{rel}","templated":true}]}}