{"id":6601,"date":"2021-06-02T14:05:12","date_gmt":"2021-06-02T13:05:12","guid":{"rendered":"https:\/\/edimatt.hu\/?post_type=product&#038;p=6601"},"modified":"2026-04-18T06:39:20","modified_gmt":"2026-04-18T05:39:20","slug":"klasszikus-maszoka","status":"publish","type":"product","link":"https:\/\/edimatt.com\/hu\/termek\/klasszikus-maszoka\/","title":{"rendered":"Klasszik m\u00e1sz\u00f3ka Pr\u00f3b\u00e1lkoz\u00f3knak"},"content":{"rendered":"","protected":false},"excerpt":{"rendered":"<p>A fogaskerekek r\u00e9v\u00e9n 4 k\u00fcl\u00f6nb\u00f6z\u0151 meredeks\u00e9g\u0171\u00a0 h\u00e1romsz\u00f6gg\u00e9, de ak\u00e1r l\u00e9tra form\u00e1ra is alak\u00edthat\u00f3, a gyermek kor\u00e1nak, fejl\u0151d\u00e9s\u00e9nek megfelel\u0151en, ez\u00e1ltal v\u00e1ltozatoss\u00e1 var\u00e1zsolja a kialak\u00edtott j\u00e1t\u00e9kteret. A kis felfedez\u0151knek a j\u00e1tsz\u00e1s, m\u00e1sz\u00e1s sor\u00e1n folyamatosan \u00faj \u00e9lm\u00e9nyt ny\u00fajt, mik\u00f6zben fejl\u0151dnek az izmaik, egyens\u00faly\u00e9rz\u00e9k\u00fck, nagy motoros k\u00e9pess\u00e9g\u00fck.<\/p>\n<p>A k\u00e9toldal\u00fa r\u00e1mpa r\u00f6gz\u00edt\u00e9se a m\u00e1sz\u00f3k\u00e1hoz er\u0151s hevederekkel t\u00f6rt\u00e9nik, mely maxim\u00e1lis biztons\u00e1got ny\u00fajt. R\u00e1mpa \/ cs\u00faszda \u00e9s a sziv\u00e1rv\u00e1ny hinta nem r\u00e9sze a m\u00e1sz\u00f3k\u00e1nak, k\u00fcl\u00f6n term\u00e9kk\u00e9nt v\u00e1s\u00e1rolhat\u00f3 meg.<\/p>\n<p>Min\u0151s\u00e9gi alapanyagokb\u00f3l <strong>27 mm vastag<\/strong> ny\u00edrf\u00e1b\u00f3l \u00e9s b\u00fckkfa rudakb\u00f3l k\u00e9sz\u00fclt, k\u00e9zzel csiszolt \u00e9s fel\u00fcletkezelt m\u00e1sz\u00f3ka. Tan\u00fas\u00edtv\u00e1nnyal rendelkez\u0151 gyerekbar\u00e1t nat\u00far kem\u00e9nyolajjal \/ vizes b\u00e1zis\u00fa fest\u00e9kkel fel\u00fcletkezelt. T\u00dcV &#8211; S\u00dcD \u00e1ltal CE min\u0151s\u00edtett.<\/p>\n","protected":false},"featured_media":6746,"comment_status":"open","ping_status":"closed","template":"","meta":[],"product_brand":[],"product_cat":[59],"product_tag":[],"class_list":{"0":"post-6601","1":"product","2":"type-product","3":"status-publish","4":"has-post-thumbnail","6":"product_cat-8-honapos-kortol","7":"entry","8":"has-media","10":"first","11":"instock","12":"featured","13":"taxable","14":"shipping-taxable","15":"purchasable","16":"product-type-variable","17":"col","18":"span_1_of_3","19":"wvn-content-center","20":"wvn-thumbs-layout-horizontal","21":"wvn-btn-normal","22":"wvn-tabs-layout-horizontal"},"_links":{"self":[{"href":"https:\/\/edimatt.com\/hu\/wp-json\/wp\/v2\/product\/6601","targetHints":{"allow":["GET"]}}],"collection":[{"href":"https:\/\/edimatt.com\/hu\/wp-json\/wp\/v2\/product"}],"about":[{"href":"https:\/\/edimatt.com\/hu\/wp-json\/wp\/v2\/types\/product"}],"replies":[{"embeddable":true,"href":"https:\/\/edimatt.com\/hu\/wp-json\/wp\/v2\/comments?post=6601"}],"wp:featuredmedia":[{"embeddable":true,"href":"https:\/\/edimatt.com\/hu\/wp-json\/wp\/v2\/media\/6746"}],"wp:attachment":[{"href":"https:\/\/edimatt.com\/hu\/wp-json\/wp\/v2\/media?parent=6601"}],"wp:term":[{"taxonomy":"product_brand","embeddable":true,"href":"https:\/\/edimatt.com\/hu\/wp-json\/wp\/v2\/product_brand?post=6601"},{"taxonomy":"product_cat","embeddable":true,"href":"https:\/\/edimatt.com\/hu\/wp-json\/wp\/v2\/product_cat?post=6601"},{"taxonomy":"product_tag","embeddable":true,"href":"https:\/\/edimatt.com\/hu\/wp-json\/wp\/v2\/product_tag?post=6601"}],"curies":[{"name":"wp","href":"https:\/\/api.w.org\/{rel}","templated":true}]}}