{"id":8706,"date":"2023-12-27T19:07:02","date_gmt":"2023-12-27T18:07:02","guid":{"rendered":"https:\/\/edimatt.com\/?post_type=product&#038;p=8706"},"modified":"2026-04-15T12:39:51","modified_gmt":"2026-04-15T11:39:51","slug":"pikler-etkezopad","status":"publish","type":"product","link":"https:\/\/edimatt.com\/hu\/termek\/pikler-etkezopad\/","title":{"rendered":"Pikler\u00ae \u00e9tkez\u0151pad"},"content":{"rendered":"","protected":false},"excerpt":{"rendered":"<p class=\"x_Normal\">Az \u00f6n\u00e1ll\u00f3 ev\u00e9s tanul\u00e1s\u00e1hoz, az \u00e9tkez\u00e9si szok\u00e1sok elsaj\u00e1t\u00edt\u00e1s\u00e1hoz kialak\u00edtott asztallal egybe\u00e9p\u00edtett pad. Az egyszem\u00e9lyes Pikler \u00e9tkez\u0151padot azok a gyermekek is biztons\u00e1gosan haszn\u00e1lhatj\u00e1k, akik m\u00e1szva v\u00e1ltoztatnak helyet. A m\u00e9g bizonytalanul \u00fcl\u0151 gyermek biztons\u00e1g\u00e1t n\u00f6veli, hogy a ki-be m\u00e1sz\u00e1s sor\u00e1n az \u00e9tkez\u0151pad stabil, nem billeg, nem borul fel. A kialak\u00edtott m\u00e9reteknek k\u00f6sz\u00f6nhet\u0151en a gyermek a Pikler \u00e9tkez\u0151padban el\u0151rehajol\u00e1s n\u00e9lk\u00fcl tud enni, talp\u00e1t a padl\u00f3zatra tudja helyezni, egyenes testtart\u00e1ssal tud \u00fclni. A Pikler \u00e9tkez\u0151padot a gyerekek el\u0151szeretettel haszn\u00e1lj\u00e1k rajzol\u00e1s, gyurm\u00e1z\u00e1s \u00e9s egy\u00e9b m\u00e1s tev\u00e9kenys\u00e9gekre is.<\/p>\n<p class=\"x_Normal\">A Pikler \u00e9tkez\u0151pad anyaga t\u00f6m\u00f6r b\u00fckkfa. Fel\u00fclete k\u00e9zzel csiszolt, olajozott.<\/p>\n","protected":false},"featured_media":8657,"comment_status":"open","ping_status":"closed","template":"","meta":[],"product_brand":[],"product_cat":[59],"product_tag":[],"class_list":{"0":"post-8706","1":"product","2":"type-product","3":"status-publish","4":"has-post-thumbnail","6":"product_cat-8-honapos-kortol","7":"entry","8":"has-media","10":"first","11":"instock","12":"featured","13":"taxable","14":"shipping-taxable","15":"purchasable","16":"product-type-variable","17":"col","18":"span_1_of_3","19":"wvn-content-center","20":"wvn-thumbs-layout-horizontal","21":"wvn-btn-normal","22":"wvn-tabs-layout-horizontal"},"_links":{"self":[{"href":"https:\/\/edimatt.com\/hu\/wp-json\/wp\/v2\/product\/8706","targetHints":{"allow":["GET"]}}],"collection":[{"href":"https:\/\/edimatt.com\/hu\/wp-json\/wp\/v2\/product"}],"about":[{"href":"https:\/\/edimatt.com\/hu\/wp-json\/wp\/v2\/types\/product"}],"replies":[{"embeddable":true,"href":"https:\/\/edimatt.com\/hu\/wp-json\/wp\/v2\/comments?post=8706"}],"wp:featuredmedia":[{"embeddable":true,"href":"https:\/\/edimatt.com\/hu\/wp-json\/wp\/v2\/media\/8657"}],"wp:attachment":[{"href":"https:\/\/edimatt.com\/hu\/wp-json\/wp\/v2\/media?parent=8706"}],"wp:term":[{"taxonomy":"product_brand","embeddable":true,"href":"https:\/\/edimatt.com\/hu\/wp-json\/wp\/v2\/product_brand?post=8706"},{"taxonomy":"product_cat","embeddable":true,"href":"https:\/\/edimatt.com\/hu\/wp-json\/wp\/v2\/product_cat?post=8706"},{"taxonomy":"product_tag","embeddable":true,"href":"https:\/\/edimatt.com\/hu\/wp-json\/wp\/v2\/product_tag?post=8706"}],"curies":[{"name":"wp","href":"https:\/\/api.w.org\/{rel}","templated":true}]}}