{"id":8797,"date":"2024-01-16T11:45:59","date_gmt":"2024-01-16T10:45:59","guid":{"rendered":"https:\/\/edimatt.com\/?post_type=product&#038;p=8797"},"modified":"2026-04-18T06:39:56","modified_gmt":"2026-04-18T05:39:56","slug":"pikler-haromszogletu-letra","status":"publish","type":"product","link":"https:\/\/edimatt.com\/hu\/termek\/pikler-haromszogletu-letra\/","title":{"rendered":"Pikler\u00ae h\u00e1romsz\u00f6glet\u0171 l\u00e9tra"},"content":{"rendered":"","protected":false},"excerpt":{"rendered":"<p class=\"x_NormalWeb\">Azoknak a gyermekeknek aj\u00e1nljuk akik m\u00e1r felt\u00e9rdelnek, vagy fix t\u00e1rgyakba kapaszkodva fel\u00e1llnak, esetleg m\u00e1s b\u00fatorokra is felm\u00e1sznak. Kezdetben az als\u00f3 fokra l\u00e9pnek fel, lel\u00e9pnek ismerkednek az eszk\u00f6zzel. K\u00e9s\u0151bb mikor magabiztoss\u00e1 v\u00e1lnak megpr\u00f3b\u00e1lj\u00e1k megm\u00e1szni a fokokat.<\/p>\n<p class=\"x_NormalWeb\">A\u00a0<span class=\"markzyww7olqy\" data-markjs=\"true\" data-ogac=\"\" data-ogab=\"\" data-ogsc=\"\" data-ogsb=\"\">Pikler<\/span>\u00a0h\u00e1romsz\u00f6glet\u0171 l\u00e9tra R\u00e1mpa\/cs\u00faszd\u00e1val is kieg\u00e9sz\u00edthet\u0151. Minden esetben \u00fcgyelni kell arra, hogy a R\u00e1mpa\/cs\u00faszda megfelel\u0151en legyen r\u00f6gz\u00edtve a\u00a0<span class=\"markzyww7olqy\" data-markjs=\"true\" data-ogac=\"\" data-ogab=\"\" data-ogsc=\"\" data-ogsb=\"\">Pikler<\/span>\u00a0h\u00e1romsz\u00f6glet\u0171 l\u00e9tr\u00e1hoz. A R\u00e1mpa\/cs\u00faszd\u00e1val kieg\u00e9sz\u00edtett\u00a0<span class=\"markzyww7olqy\" data-markjs=\"true\" data-ogac=\"\" data-ogab=\"\" data-ogsc=\"\" data-ogsb=\"\">Pikler<\/span>\u00a0h\u00e1romsz\u00f6glet\u0171 l\u00e9tra m\u00e9g t\u00f6bb kih\u00edv\u00e1st jelent a gyerekek sz\u00e1m\u00e1ra. Fel-lej\u00e1rnak, lecs\u00fasznak vagy t\u00e1rgyakat g\u00far\u00edtanak le rajta. C\u00e9lszer\u0171 a\u00a0<span class=\"markzyww7olqy\" data-markjs=\"true\" data-ogac=\"\" data-ogab=\"\" data-ogsc=\"\" data-ogsb=\"\">Pikler<\/span>\u00a0h\u00e1romsz\u00f6glet\u0171 l\u00e9tra egyik oldal\u00e1ra r\u00f6gz\u00edteni, \u00edgy a gyermek szabadon d\u00f6nthet, hogy melyik eszk\u00f6zt haszn\u00e1lja.<\/p>\n","protected":false},"featured_media":8719,"comment_status":"open","ping_status":"closed","template":"","meta":[],"product_brand":[],"product_cat":[59],"product_tag":[],"class_list":{"0":"post-8797","1":"product","2":"type-product","3":"status-publish","4":"has-post-thumbnail","6":"product_cat-8-honapos-kortol","7":"entry","8":"has-media","10":"first","11":"instock","12":"featured","13":"taxable","14":"shipping-taxable","15":"purchasable","16":"product-type-simple","17":"col","18":"span_1_of_3","19":"wvn-content-center","20":"wvn-thumbs-layout-horizontal","21":"wvn-btn-normal","22":"wvn-tabs-layout-horizontal"},"_links":{"self":[{"href":"https:\/\/edimatt.com\/hu\/wp-json\/wp\/v2\/product\/8797","targetHints":{"allow":["GET"]}}],"collection":[{"href":"https:\/\/edimatt.com\/hu\/wp-json\/wp\/v2\/product"}],"about":[{"href":"https:\/\/edimatt.com\/hu\/wp-json\/wp\/v2\/types\/product"}],"replies":[{"embeddable":true,"href":"https:\/\/edimatt.com\/hu\/wp-json\/wp\/v2\/comments?post=8797"}],"wp:featuredmedia":[{"embeddable":true,"href":"https:\/\/edimatt.com\/hu\/wp-json\/wp\/v2\/media\/8719"}],"wp:attachment":[{"href":"https:\/\/edimatt.com\/hu\/wp-json\/wp\/v2\/media?parent=8797"}],"wp:term":[{"taxonomy":"product_brand","embeddable":true,"href":"https:\/\/edimatt.com\/hu\/wp-json\/wp\/v2\/product_brand?post=8797"},{"taxonomy":"product_cat","embeddable":true,"href":"https:\/\/edimatt.com\/hu\/wp-json\/wp\/v2\/product_cat?post=8797"},{"taxonomy":"product_tag","embeddable":true,"href":"https:\/\/edimatt.com\/hu\/wp-json\/wp\/v2\/product_tag?post=8797"}],"curies":[{"name":"wp","href":"https:\/\/api.w.org\/{rel}","templated":true}]}}