{"id":8798,"date":"2024-01-16T11:48:08","date_gmt":"2024-01-16T10:48:08","guid":{"rendered":"https:\/\/edimatt.com\/?post_type=product&#038;p=8798"},"modified":"2026-04-15T12:40:06","modified_gmt":"2026-04-15T11:40:06","slug":"pikler-labirintus","status":"publish","type":"product","link":"https:\/\/edimatt.com\/hu\/termek\/pikler-labirintus\/","title":{"rendered":"Pikler\u00ae labirintus"},"content":{"rendered":"","protected":false},"excerpt":{"rendered":"<p class=\"x_MsoNormal\">H\u00e1rom k\u00fcl\u00f6nb\u00f6z\u0151 elemb\u0151l, nyitott \u00e9s z\u00e1rt r\u00e9szekb\u0151l \u00e1ll\u00f3, t\u00f6bb v\u00e1ltozatban haszn\u00e1lhat\u00f3 alag\u00fatszer\u0171 mozg\u00e1seszk\u00f6z. A gyermek fejletts\u00e9gi szintj\u00e9nek megfelel\u0151en t\u00f6bbf\u00e9le \u00f6ssze\u00e1ll\u00edt\u00e1sban haszn\u00e1lhat\u00f3: \u201cI\u201d, \u201cL\u201d, \u201cZ\u201d alakban.<\/p>\n<p class=\"x_MsoNormal\">A\u00a0<span class=\"markzyww7olqy\" data-markjs=\"true\" data-ogac=\"\" data-ogab=\"\" data-ogsc=\"\" data-ogsb=\"\">Pikler<\/span>\u00a0labirintus \u00e1ltal a gyermekek a beb\u00faj\u00e1s, bem\u00e1sz\u00e1s, \u00e1tm\u00e1sz\u00e1s, h\u00faz\u00f3szkod\u00e1s, hasoncs\u00fasz\u00e1s, kapaszkod\u00e1s minden \u00f6r\u00f6m\u00e9t \u00e9lvezhetik. A r\u00e1csos oldalakon kil\u00e1tnak bel\u0151le, egy helyen m\u00e9g fel is \u00e1llhatnak benne. A\u00a0<span class=\"markzyww7olqy\" data-markjs=\"true\" data-ogac=\"\" data-ogab=\"\" data-ogsc=\"\" data-ogsb=\"\">Pikler<\/span>\u00a0labirintus haszn\u00e1lata fejleszti a gyermekek t\u00e9r\u00e9rz\u00e9kel\u00e9s\u00e9t, egyens\u00faly\u00e9rz\u00e9k\u00e9t,\u00a0 mozg\u00e1suk \u00f6sszerendezettebb\u00e9, kifinomultabb\u00e1 v\u00e1lik.<\/p>\n<p class=\"x_MsoNormal\">A\u00a0<span class=\"markzyww7olqy\" data-markjs=\"true\" data-ogac=\"\" data-ogab=\"\" data-ogsc=\"\" data-ogsb=\"\">Pikler<\/span>\u00a0labirintussal ismerked\u0151 gyermekeknek eleinte a hossz\u00fa r\u00e1csos elem haszn\u00e1lat\u00e1t javasoljuk, majd ezt k\u00f6vet\u0151en a r\u00f6vid r\u00e1csos elemet r\u00f6gz\u00edts\u00fck a hossz\u00fa elem egyik oldal\u00e1hoz, v\u00e9g\u00fcl a r\u00f6vid z\u00e1rt elemet r\u00f6gz\u00edts\u00fck a hossz\u00fa elem t\u00faloldali ny\u00edl\u00e1s\u00e1hoz. A biztons\u00e1g v\u00e9gett a\u00a0<span class=\"markzyww7olqy\" data-markjs=\"true\" data-ogac=\"\" data-ogab=\"\" data-ogsc=\"\" data-ogsb=\"\">Pikler<\/span>\u00a0labirintus elemeit r\u00f6gz\u00edt\u0151csavarokkal kell r\u00f6gz\u00edteni egym\u00e1shoz. Javasolt a cs\u00fasz\u00e1smentes\u00edtetett fel\u00fcleten val\u00f3 haszn\u00e1lata.<\/p>\n","protected":false},"featured_media":8737,"comment_status":"open","ping_status":"closed","template":"","meta":[],"product_brand":[],"product_cat":[60],"product_tag":[],"class_list":{"0":"post-8798","1":"product","2":"type-product","3":"status-publish","4":"has-post-thumbnail","6":"product_cat-6-honapos-kotrol","7":"entry","8":"has-media","10":"first","11":"instock","12":"featured","13":"taxable","14":"shipping-taxable","15":"purchasable","16":"product-type-variable","17":"col","18":"span_1_of_3","19":"wvn-content-center","20":"wvn-thumbs-layout-horizontal","21":"wvn-btn-normal","22":"wvn-tabs-layout-horizontal"},"_links":{"self":[{"href":"https:\/\/edimatt.com\/hu\/wp-json\/wp\/v2\/product\/8798","targetHints":{"allow":["GET"]}}],"collection":[{"href":"https:\/\/edimatt.com\/hu\/wp-json\/wp\/v2\/product"}],"about":[{"href":"https:\/\/edimatt.com\/hu\/wp-json\/wp\/v2\/types\/product"}],"replies":[{"embeddable":true,"href":"https:\/\/edimatt.com\/hu\/wp-json\/wp\/v2\/comments?post=8798"}],"wp:featuredmedia":[{"embeddable":true,"href":"https:\/\/edimatt.com\/hu\/wp-json\/wp\/v2\/media\/8737"}],"wp:attachment":[{"href":"https:\/\/edimatt.com\/hu\/wp-json\/wp\/v2\/media?parent=8798"}],"wp:term":[{"taxonomy":"product_brand","embeddable":true,"href":"https:\/\/edimatt.com\/hu\/wp-json\/wp\/v2\/product_brand?post=8798"},{"taxonomy":"product_cat","embeddable":true,"href":"https:\/\/edimatt.com\/hu\/wp-json\/wp\/v2\/product_cat?post=8798"},{"taxonomy":"product_tag","embeddable":true,"href":"https:\/\/edimatt.com\/hu\/wp-json\/wp\/v2\/product_tag?post=8798"}],"curies":[{"name":"wp","href":"https:\/\/api.w.org\/{rel}","templated":true}]}}