{"id":8800,"date":"2024-01-16T11:52:24","date_gmt":"2024-01-16T10:52:24","guid":{"rendered":"https:\/\/edimatt.com\/?post_type=product&#038;p=8800"},"modified":"2026-04-08T22:48:39","modified_gmt":"2026-04-08T21:48:39","slug":"gabi-dobogo","status":"publish","type":"product","link":"https:\/\/edimatt.com\/hu\/termek\/gabi-dobogo\/","title":{"rendered":"Gabi dobog\u00f3"},"content":{"rendered":"","protected":false},"excerpt":{"rendered":"<p class=\"x_Normal\">K\u00e9t k\u00fcl\u00f6nb\u00f6z\u0151 m\u00e9ret\u0171 dobog\u00f3b\u00f3l \u00e9s lejt\u0151kb\u0151l vari\u00e1lhat\u00f3 eszk\u00f6z.<\/p>\n<p class=\"x_Normal\">A\u00a0<span class=\"markzyww7olqy\" data-markjs=\"true\" data-ogac=\"\" data-ogab=\"\" data-ogsc=\"\" data-ogsb=\"\">Pikler<\/span>\u00a0pedag\u00f3gi\u00e1ban haszn\u00e1latos Gabi dobog\u00f3 elemei t\u00f6bbf\u00e9lek\u00e9ppen \u00e1ll\u00edthat\u00f3k \u00f6ssze. Az elemek b\u00e1rmely sz\u00f6gletes oldalai csatlakoztathat\u00f3k egym\u00e1shoz. A biztons\u00e1g \u00e9rdek\u00e9ben a Gabi dobog\u00f3 minden egyes elem\u00e9t speci\u00e1lis sz\u00e9tcs\u00fasz\u00e1sg\u00e1tl\u00f3val kell r\u00f6gz\u00edteni.<\/p>\n<p class=\"x_Normal\">A dobog\u00f3 r\u00f6vid \u00e9s hossz\u00fa elemeit egym\u00e1shoz r\u00f6gz\u00edtve egy nagyobb fel\u00fclet j\u00f6n l\u00e9tre, amire a gyerekek kezdetben felk\u00fasznak, m\u00e1sznak rajta, majd k\u00e9s\u0151bb sz\u00edvesen l\u00e9pegetnek is rajta. A lejt\u0151s, ferde elemek haszn\u00e1lata \u00faj kih\u00edv\u00e1st jelent a m\u00e1sz\u00f3 gyermekeknek az egyens\u00faly\u00e9rz\u00e9k \u00e9s testtart\u00e1s szempontj\u00e1b\u00f3l. Sz\u00edvesen fognak rajta cs\u00faszni, m\u00e1szni, k\u00fcl\u00f6nb\u00f6z\u0151 j\u00e1t\u00e9kokat gur\u00edtani. Az \u00f6n\u00e1ll\u00f3an j\u00e1r\u00f3 gyermekek a Gabi dobog\u00f3 lejt\u0151s elemein is \u00f6r\u00f6mmel fognak fel-le szaladg\u00e1lni, j\u00e1tszani.<\/p>\n","protected":false},"featured_media":8758,"comment_status":"open","ping_status":"closed","template":"","meta":[],"product_brand":[],"product_cat":[59],"product_tag":[],"class_list":{"0":"post-8800","1":"product","2":"type-product","3":"status-publish","4":"has-post-thumbnail","6":"product_cat-8-honapos-kortol","7":"entry","8":"has-media","10":"first","11":"instock","12":"featured","13":"taxable","14":"shipping-taxable","15":"purchasable","16":"product-type-variable","17":"col","18":"span_1_of_3","19":"wvn-content-center","20":"wvn-thumbs-layout-horizontal","21":"wvn-btn-normal","22":"wvn-tabs-layout-horizontal"},"_links":{"self":[{"href":"https:\/\/edimatt.com\/hu\/wp-json\/wp\/v2\/product\/8800","targetHints":{"allow":["GET"]}}],"collection":[{"href":"https:\/\/edimatt.com\/hu\/wp-json\/wp\/v2\/product"}],"about":[{"href":"https:\/\/edimatt.com\/hu\/wp-json\/wp\/v2\/types\/product"}],"replies":[{"embeddable":true,"href":"https:\/\/edimatt.com\/hu\/wp-json\/wp\/v2\/comments?post=8800"}],"wp:featuredmedia":[{"embeddable":true,"href":"https:\/\/edimatt.com\/hu\/wp-json\/wp\/v2\/media\/8758"}],"wp:attachment":[{"href":"https:\/\/edimatt.com\/hu\/wp-json\/wp\/v2\/media?parent=8800"}],"wp:term":[{"taxonomy":"product_brand","embeddable":true,"href":"https:\/\/edimatt.com\/hu\/wp-json\/wp\/v2\/product_brand?post=8800"},{"taxonomy":"product_cat","embeddable":true,"href":"https:\/\/edimatt.com\/hu\/wp-json\/wp\/v2\/product_cat?post=8800"},{"taxonomy":"product_tag","embeddable":true,"href":"https:\/\/edimatt.com\/hu\/wp-json\/wp\/v2\/product_tag?post=8800"}],"curies":[{"name":"wp","href":"https:\/\/api.w.org\/{rel}","templated":true}]}}